{"id":240767,"date":"2022-02-16T21:56:50","date_gmt":"2022-02-16T20:56:50","guid":{"rendered":"https:\/\/www.avant-medical.com\/home\/"},"modified":"2022-02-16T21:57:00","modified_gmt":"2022-02-16T20:57:00","slug":"home","status":"publish","type":"page","link":"https:\/\/www.avant-medical.com\/fr\/","title":{"rendered":"Home"},"content":{"rendered":"<p>[et_pb_section fb_built=\u00a0\u00bb1&Prime; _builder_version=\u00a0\u00bb4.9.4&Prime; _module_preset=\u00a0\u00bbdefault\u00a0\u00bb background_color=\u00a0\u00bbRGBA(0,0,0,0)\u00a0\u00bb background_image=\u00a0\u00bbhttps:\/\/www.avant-medical.com\/wp-content\/uploads\/blurb-light-blue-bg.svg\u00a0\u00bb background_size=\u00a0\u00bbinitial\u00a0\u00bb background_position=\u00a0\u00bbbottom_left\u00a0\u00bb overflow-x=\u00a0\u00bbhidden\u00a0\u00bb overflow-y=\u00a0\u00bbhidden\u00a0\u00bb custom_padding=\u00a0\u00bb||150px|||\u00a0\u00bb global_colors_info=\u00a0\u00bb{}\u00a0\u00bb][et_pb_row column_structure=\u00a0\u00bb1_2,1_2&Prime; use_custom_gutter=\u00a0\u00bbon\u00a0\u00bb gutter_width=\u00a0\u00bb2&Prime; make_equal=\u00a0\u00bbon\u00a0\u00bb _builder_version=\u00a0\u00bb4.9.4&Prime; _module_preset=\u00a0\u00bbdefault\u00a0\u00bb custom_padding=\u00a0\u00bb||60px|||\u00a0\u00bb custom_css_main_element=\u00a0\u00bbalign-items:center;\u00a0\u00bb global_colors_info=\u00a0\u00bb{}\u00a0\u00bb][et_pb_column type=\u00a0\u00bb1_2&Prime; _builder_version=\u00a0\u00bb4.9.4&Prime; _module_preset=\u00a0\u00bbdefault\u00a0\u00bb global_colors_info=\u00a0\u00bb{}\u00a0\u00bb][et_pb_text _builder_version=\u00a0\u00bb4.9.7&Prime; _module_preset=\u00a0\u00bb29d40321-2d3e-4f1d-b778-676ebef638fe\u00a0\u00bb global_colors_info=\u00a0\u00bb{}\u00a0\u00bb]<\/p>\n<h1>Des solutions de laboratoire intelligentes pour des soins aux patients optimaux<\/h1>\n<p>[\/et_pb_text][et_pb_button button_url=\u00a0\u00bb@ET-DC@eyJkeW5hbWljIjp0cnVlLCJjb250ZW50IjoicG9zdF9saW5rX3VybF9wYWdlIiwic2V0dGluZ3MiOnsicG9zdF9pZCI6IjIzNzcwOSJ9fQ==@\u00a0\u00bb button_text=\u00a0\u00bbEn savoir plus\u00a0\u00bb _builder_version=\u00a0\u00bb4.9.4&Prime; _dynamic_attributes=\u00a0\u00bbbutton_url\u00a0\u00bb _module_preset=\u00a0\u00bbaf1fba3a-ef0f-4776-99f5-415e0cb19766&Prime; global_colors_info=\u00a0\u00bb{}\u00a0\u00bb][\/et_pb_button][\/et_pb_column][et_pb_column type=\u00a0\u00bb1_2&Prime; _builder_version=\u00a0\u00bb4.9.4&Prime; _module_preset=\u00a0\u00bbdefault\u00a0\u00bb global_colors_info=\u00a0\u00bb{}\u00a0\u00bb][et_pb_image src=\u00a0\u00bbhttps:\/\/www.avant-medical.com\/wp-content\/uploads\/Smart-lab-solutions-avant-medical.png\u00a0\u00bb title_text=\u00a0\u00bbSmart-lab-solutions-avant-medical\u00a0\u00bb align=\u00a0\u00bbcenter\u00a0\u00bb _builder_version=\u00a0\u00bb4.9.4&Prime; _module_preset=\u00a0\u00bbdefault\u00a0\u00bb z_index=\u00a0\u00bb5&Prime; max_width=\u00a0\u00bb500px\u00a0\u00bb global_colors_info=\u00a0\u00bb{}\u00a0\u00bb][\/et_pb_image][\/et_pb_column][\/et_pb_row][et_pb_row column_structure=\u00a0\u00bb3_4,1_4&Prime; _builder_version=\u00a0\u00bb4.9.4&Prime; _module_preset=\u00a0\u00bbdefault\u00a0\u00bb custom_padding=\u00a0\u00bb40px||60px||false|\u00a0\u00bb global_colors_info=\u00a0\u00bb{}\u00a0\u00bb][et_pb_column type=\u00a0\u00bb3_4&Prime; _builder_version=\u00a0\u00bb4.9.4&Prime; _module_preset=\u00a0\u00bbdefault\u00a0\u00bb global_colors_info=\u00a0\u00bb{}\u00a0\u00bb][et_pb_text _builder_version=\u00a0\u00bb4.9.4&Prime; _module_preset=\u00a0\u00bbdefault\u00a0\u00bb text_font_size=\u00a0\u00bb26px\u00a0\u00bb text_line_height=\u00a0\u00bb1.6em\u00a0\u00bb global_colors_info=\u00a0\u00bb{}\u00a0\u00bb]<\/p>\n<p>Avant Medical conseille les professionnels de sant\u00e9 de laboratoire et les aide \u00e0 s\u00e9lectionner les produits les plus performants de leur cat\u00e9gorie. Ensemble, nous apportons ainsi une contribution importante \u00e0 l\u2019am\u00e9lioration des diagnostics et des soins prodigu\u00e9s aux patients. <\/p>\n<p>[\/et_pb_text][\/et_pb_column][et_pb_column type=\u00a0\u00bb1_4&Prime; _builder_version=\u00a0\u00bb4.9.4&Prime; _module_preset=\u00a0\u00bbdefault\u00a0\u00bb global_colors_info=\u00a0\u00bb{}\u00a0\u00bb][\/et_pb_column][\/et_pb_row][et_pb_row column_structure=\u00a0\u00bb1_2,1_2&Prime; _builder_version=\u00a0\u00bb4.9.4&Prime; _module_preset=\u00a0\u00bbdefault\u00a0\u00bb custom_padding=\u00a0\u00bb||0px|||\u00a0\u00bb global_colors_info=\u00a0\u00bb{}\u00a0\u00bb][et_pb_column type=\u00a0\u00bb1_2&Prime; _builder_version=\u00a0\u00bb4.9.4&Prime; _module_preset=\u00a0\u00bbdefault\u00a0\u00bb global_colors_info=\u00a0\u00bb{}\u00a0\u00bb][et_pb_blurb title=\u00a0\u00bbNos activit\u00e9s\u00a0\u00bb image=\u00a0\u00bbhttps:\/\/www.avant-medical.com\/wp-content\/uploads\/blurb-yellow-left-bottom.svg\u00a0\u00bb _builder_version=\u00a0\u00bb4.9.4&Prime; _module_preset=\u00a0\u00bb35739ae2-d0b1-4282-9256-a7fab1b35013&Prime; global_colors_info=\u00a0\u00bb{}\u00a0\u00bb]<\/p>\n<p>Nous proposons aux sp\u00e9cialistes de laboratoire des Pays-Bas, de la Belgique et du Luxembourg des \u00e9quipements de diagnostic in vitro (IVD), d\u2019analyse sur le lieu d\u2019intervention (POCT) et de recherche m\u00e9dicale de qualit\u00e9 sup\u00e9rieure, conformes aux exigences des clients.<br \/>Depuis 2009, nous fournissons tous les centres universitaires du Benelux, presque tous les h\u00f4pitaux cliniques (de pointe) et de nombreuses cliniques et laboratoires ind\u00e9pendants.<\/p>\n<p>[\/et_pb_blurb][\/et_pb_column][et_pb_column type=\u00a0\u00bb1_2&Prime; _builder_version=\u00a0\u00bb4.9.4&Prime; _module_preset=\u00a0\u00bbdefault\u00a0\u00bb global_colors_info=\u00a0\u00bb{}\u00a0\u00bb][et_pb_blurb title=\u00a0\u00bbOrientation client\u00a0\u00bb image=\u00a0\u00bbhttps:\/\/www.avant-medical.com\/wp-content\/uploads\/blurb-yellow-left-bottom.svg\u00a0\u00bb icon_alignment=\u00a0\u00bbleft\u00a0\u00bb image_max_width=\u00a0\u00bb25px\u00a0\u00bb _builder_version=\u00a0\u00bb4.9.4&Prime; _module_preset=\u00a0\u00bbdefault\u00a0\u00bb header_level=\u00a0\u00bbh3&Prime; header_font=\u00a0\u00bb|600|||||||\u00a0\u00bb custom_css_blurb_image=\u00a0\u00bbmargin-bottom:0px;\u00a0\u00bb global_colors_info=\u00a0\u00bb{}\u00a0\u00bb]<\/p>\n<p>La qualit\u00e9 et le service sont nos principales priorit\u00e9s. Nous ne nous contentons pas de vous pr\u00e9senter des \u00e9quipements. En effet, en plus de vous fournir des \u00e9quipements intelligents, nous vous apportons l\u2019assistance requise pour la mise en \u0153uvre, le raccordement et la formation dans le but de favoriser vos activit\u00e9s. Vous pouvez ainsi d\u2019embl\u00e9e vous focaliser en toute s\u00e9r\u00e9nit\u00e9 sur les t\u00e2ches qui contribuent \u00e0 l\u2019am\u00e9lioration des prestations de soins. <\/p>\n<p>[\/et_pb_blurb][et_pb_image src=\u00a0\u00bbhttps:\/\/www.avant-medical.com\/wp-content\/uploads\/Avant-Medical-formation-of-a-blood-clot.png\u00a0\u00bb title_text=\u00a0\u00bbAvant-Medical-formation-of-a-blood-clot\u00a0\u00bb _builder_version=\u00a0\u00bb4.9.4&Prime; _module_preset=\u00a0\u00bbdefault\u00a0\u00bb positioning=\u00a0\u00bbabsolute\u00a0\u00bb position_origin_a=\u00a0\u00bbtop_right\u00a0\u00bb vertical_offset=\u00a0\u00bb73%\u00a0\u00bb horizontal_offset=\u00a0\u00bb-45vh\u00a0\u00bb z_index=\u00a0\u00bb7&Prime; width=\u00a0\u00bb80%\u00a0\u00bb max_width=\u00a0\u00bb500px\u00a0\u00bb global_colors_info=\u00a0\u00bb{}\u00a0\u00bb][\/et_pb_image][\/et_pb_column][\/et_pb_row][et_pb_row _builder_version=\u00a0\u00bb4.10.5&Prime; _module_preset=\u00a0\u00bbdefault\u00a0\u00bb global_colors_info=\u00a0\u00bb{}\u00a0\u00bb][et_pb_column type=\u00a0\u00bb4_4&Prime; _builder_version=\u00a0\u00bb4.9.4&Prime; _module_preset=\u00a0\u00bbdefault\u00a0\u00bb global_colors_info=\u00a0\u00bb{}\u00a0\u00bb][et_pb_text _builder_version=\u00a0\u00bb4.9.7&Prime; _module_preset=\u00a0\u00bb6839cd8e-43f4-421f-b986-1d46613d0793&Prime; global_colors_info=\u00a0\u00bb{}\u00a0\u00bb]<\/p>\n<p>\u00ab\u00a0Nous assurons un accompagnement jusqu\u2019\u00e0 la mise<br \/>en \u0153uvre, mais proc\u00e9dons aussi \u00e0 son suivi. Vous avez la garantie d\u2019atteindre vos objectifs.\u00a0\u00bb<\/p>\n<p>[\/et_pb_text][\/et_pb_column][\/et_pb_row][et_pb_row column_structure=\u00a0\u00bb1_2,1_2&Prime; _builder_version=\u00a0\u00bb4.9.4&Prime; _module_preset=\u00a0\u00bbdefault\u00a0\u00bb global_colors_info=\u00a0\u00bb{}\u00a0\u00bb][et_pb_column type=\u00a0\u00bb1_2&Prime; _builder_version=\u00a0\u00bb4.9.4&Prime; _module_preset=\u00a0\u00bbdefault\u00a0\u00bb global_colors_info=\u00a0\u00bb{}\u00a0\u00bb][et_pb_blurb title=\u00a0\u00bbDes innovations fiables\u00a0\u00bb image=\u00a0\u00bbhttps:\/\/www.avant-medical.com\/wp-content\/uploads\/blurb-yellow-left-bottom.svg\u00a0\u00bb icon_alignment=\u00a0\u00bbleft\u00a0\u00bb image_max_width=\u00a0\u00bb25px\u00a0\u00bb _builder_version=\u00a0\u00bb4.9.4&Prime; _module_preset=\u00a0\u00bbdefault\u00a0\u00bb header_level=\u00a0\u00bbh3&Prime; header_font=\u00a0\u00bb|600|||||||\u00a0\u00bb custom_css_blurb_image=\u00a0\u00bbmargin-bottom:0px;\u00a0\u00bb global_colors_info=\u00a0\u00bb{}\u00a0\u00bb]<\/p>\n<p>Le monde des laboratoires innove actuellement \u00e0 la vitesse de l\u2019\u00e9clair, aussi bien de l\u2019int\u00e9rieur que de l\u2019ext\u00e9rieur. C\u2019est pourquoi les outils de travail des laboratoires doivent \u00e0 pr\u00e9sent \u00eatre encore plus performants, mais aussi fiables et abordables. Avec ces produits plus r\u00e9cents, mais avant tout \u00e0 la conception optimis\u00e9e, vous pouvez assurer des soins encore plus efficaces aux patients.<\/p>\n<p>[\/et_pb_blurb][\/et_pb_column][et_pb_column type=\u00a0\u00bb1_2&Prime; _builder_version=\u00a0\u00bb4.9.4&Prime; _module_preset=\u00a0\u00bbdefault\u00a0\u00bb global_colors_info=\u00a0\u00bb{}\u00a0\u00bb][et_pb_blurb title=\u00a0\u00bbProduits de qualit\u00e9 sup\u00e9rieure\u00a0\u00bb image=\u00a0\u00bbhttps:\/\/www.avant-medical.com\/wp-content\/uploads\/blurb-yellow-left-bottom.svg\u00a0\u00bb icon_alignment=\u00a0\u00bbleft\u00a0\u00bb image_max_width=\u00a0\u00bb25px\u00a0\u00bb _builder_version=\u00a0\u00bb4.9.4&Prime; _module_preset=\u00a0\u00bbdefault\u00a0\u00bb header_level=\u00a0\u00bbh3&Prime; header_font=\u00a0\u00bb|600|||||||\u00a0\u00bb custom_css_blurb_image=\u00a0\u00bbmargin-bottom:0px;\u00a0\u00bb global_colors_info=\u00a0\u00bb{}\u00a0\u00bb]<\/p>\n<p>Les produits que nous fournissons proviennent de fabricants exp\u00e9riment\u00e9s et \u00e9prouv\u00e9s avec lesquels nous collaborons en toute confiance. Nous pouvons vous garantir une qualit\u00e9 optimale gr\u00e2ce \u00e0 notre grande exp\u00e9rience, \u00e0 notre gestion locale des stocks et \u00e0 notre propre logistique.<\/p>\n<p>[\/et_pb_blurb][\/et_pb_column][\/et_pb_row][\/et_pb_section][et_pb_section fb_built=\u00a0\u00bb1&Prime; _builder_version=\u00a0\u00bb4.9.4&Prime; _module_preset=\u00a0\u00bbdefault\u00a0\u00bb custom_padding=\u00a0\u00bb0px|||||\u00a0\u00bb global_colors_info=\u00a0\u00bb{}\u00a0\u00bb][et_pb_row _builder_version=\u00a0\u00bb4.9.4&Prime; _module_preset=\u00a0\u00bbdefault\u00a0\u00bb custom_padding=\u00a0\u00bb0px|||||\u00a0\u00bb global_colors_info=\u00a0\u00bb{}\u00a0\u00bb][et_pb_column type=\u00a0\u00bb4_4&Prime; _builder_version=\u00a0\u00bb4.9.4&Prime; _module_preset=\u00a0\u00bbdefault\u00a0\u00bb global_colors_info=\u00a0\u00bb{}\u00a0\u00bb][et_pb_text _builder_version=\u00a0\u00bb4.9.7&Prime; _module_preset=\u00a0\u00bb8ef7356e-72ba-4f68-bb01-83532d1270dd\u00a0\u00bb global_colors_info=\u00a0\u00bb{}\u00a0\u00bb]<\/p>\n<h2>Des produits de qualit\u00e9 optimale<\/h2>\n<p>Nous proposons les meilleurs produits et \u00e9quipements de leur cat\u00e9gorie pour diff\u00e9rentes marques.<br \/>Nous disposons de notre propre stock pour vous garantir une livraison rapide.<\/p>\n<p>[\/et_pb_text][\/et_pb_column][\/et_pb_row][et_pb_row column_structure=\u00a0\u00bb1_3,1_3,1_3&Prime; _builder_version=\u00a0\u00bb4.9.4&Prime; _module_preset=\u00a0\u00bbdefault\u00a0\u00bb global_colors_info=\u00a0\u00bb{}\u00a0\u00bb][et_pb_column type=\u00a0\u00bb1_3&Prime; _builder_version=\u00a0\u00bb4.9.4&Prime; _module_preset=\u00a0\u00bbdefault\u00a0\u00bb global_colors_info=\u00a0\u00bb{}\u00a0\u00bb][dsm_card title=\u00a0\u00bbdiagnostics de laboratoire\u00a0\u00bb image=\u00a0\u00bbhttps:\/\/www.avant-medical.com\/wp-content\/uploads\/laboratory-diagnostics-products-image.png\u00a0\u00bb image_as_background=\u00a0\u00bboff\u00a0\u00bb button_text=\u00a0\u00bbproduits\u00a0\u00bb button_url=\u00a0\u00bb@ET-DC@eyJkeW5hbWljIjp0cnVlLCJjb250ZW50IjoicG9zdF9saW5rX3VybF9wYWdlIiwic2V0dGluZ3MiOnsicG9zdF9pZCI6IjIzNzcxOSJ9fQ==@\u00a0\u00bb button_url_new_window=\u00a0\u00bb1&Prime; _builder_version=\u00a0\u00bb4.9.10&Prime; _dynamic_attributes=\u00a0\u00bbbutton_url,link_option_url\u00a0\u00bb _module_preset=\u00a0\u00bbdefault\u00a0\u00bb header_level=\u00a0\u00bbh3&Prime; header_font=\u00a0\u00bb|300|||||||\u00a0\u00bb header_text_align=\u00a0\u00bbcenter\u00a0\u00bb header_font_size=\u00a0\u00bb36px\u00a0\u00bb button_alignment=\u00a0\u00bbcenter\u00a0\u00bb link_option_url=\u00a0\u00bb@ET-DC@eyJkeW5hbWljIjp0cnVlLCJjb250ZW50IjoicG9zdF9saW5rX3VybF9wYWdlIiwic2V0dGluZ3MiOnsicG9zdF9pZCI6IjIzNzcxOSJ9fQ==@\u00a0\u00bb global_module=\u00a0\u00bb238218&Prime; global_colors_info=\u00a0\u00bb{}\u00a0\u00bb][\/dsm_card][\/et_pb_column][et_pb_column type=\u00a0\u00bb1_3&Prime; _builder_version=\u00a0\u00bb4.9.4&Prime; _module_preset=\u00a0\u00bbdefault\u00a0\u00bb global_colors_info=\u00a0\u00bb{}\u00a0\u00bb][dsm_card title=\u00a0\u00bbanalyses sur le lieu d\u2019intervention\u00a0\u00bb image=\u00a0\u00bbhttps:\/\/www.avant-medical.com\/wp-content\/uploads\/point-in-care-product-image.png\u00a0\u00bb image_as_background=\u00a0\u00bboff\u00a0\u00bb button_text=\u00a0\u00bbproduits\u00a0\u00bb button_url=\u00a0\u00bb@ET-DC@eyJkeW5hbWljIjp0cnVlLCJjb250ZW50IjoicG9zdF9saW5rX3VybF9wYWdlIiwic2V0dGluZ3MiOnsicG9zdF9pZCI6IjIzNzcyNiJ9fQ==@\u00a0\u00bb button_url_new_window=\u00a0\u00bb1&Prime; _builder_version=\u00a0\u00bb4.9.10&Prime; _dynamic_attributes=\u00a0\u00bblink_option_url,button_url\u00a0\u00bb _module_preset=\u00a0\u00bbdefault\u00a0\u00bb header_level=\u00a0\u00bbh3&Prime; header_font=\u00a0\u00bb|300|||||||\u00a0\u00bb header_text_align=\u00a0\u00bbcenter\u00a0\u00bb header_font_size=\u00a0\u00bb36px\u00a0\u00bb button_alignment=\u00a0\u00bbcenter\u00a0\u00bb link_option_url=\u00a0\u00bb@ET-DC@eyJkeW5hbWljIjp0cnVlLCJjb250ZW50IjoicG9zdF9saW5rX3VybF9wYWdlIiwic2V0dGluZ3MiOnsicG9zdF9pZCI6IjIzNzcyNiJ9fQ==@\u00a0\u00bb global_module=\u00a0\u00bb238219&Prime; saved_tabs=\u00a0\u00bball\u00a0\u00bb global_colors_info=\u00a0\u00bb{}\u00a0\u00bb][\/dsm_card][\/et_pb_column][et_pb_column type=\u00a0\u00bb1_3&Prime; _builder_version=\u00a0\u00bb4.9.4&Prime; _module_preset=\u00a0\u00bbdefault\u00a0\u00bb global_colors_info=\u00a0\u00bb{}\u00a0\u00bb][dsm_card title=\u00a0\u00bbdispositifs m\u00e9dicaux\u00a0\u00bb image=\u00a0\u00bbhttps:\/\/www.avant-medical.com\/wp-content\/uploads\/medical-devices-1.png\u00a0\u00bb image_as_background=\u00a0\u00bboff\u00a0\u00bb content_padding=\u00a0\u00bb|40px|20px|40px|false|true\u00a0\u00bb button_text=\u00a0\u00bbproduits\u00a0\u00bb button_url=\u00a0\u00bb@ET-DC@eyJkeW5hbWljIjp0cnVlLCJjb250ZW50IjoicG9zdF9saW5rX3VybF9wYWdlIiwic2V0dGluZ3MiOnsicG9zdF9pZCI6IjIzNzczMSJ9fQ==@\u00a0\u00bb button_url_new_window=\u00a0\u00bb1&Prime; content_padding_tablet=\u00a0\u00bb\u00a0\u00bb content_padding_phone=\u00a0\u00bb\u00a0\u00bb content_padding_last_edited=\u00a0\u00bbon|phone\u00a0\u00bb _builder_version=\u00a0\u00bb4.9.10&Prime; _dynamic_attributes=\u00a0\u00bblink_option_url,button_url\u00a0\u00bb _module_preset=\u00a0\u00bbdefault\u00a0\u00bb header_level=\u00a0\u00bbh3&Prime; header_font=\u00a0\u00bb|300|||||||\u00a0\u00bb header_text_align=\u00a0\u00bbcenter\u00a0\u00bb header_font_size=\u00a0\u00bb36px\u00a0\u00bb button_alignment=\u00a0\u00bbcenter\u00a0\u00bb link_option_url=\u00a0\u00bb@ET-DC@eyJkeW5hbWljIjp0cnVlLCJjb250ZW50IjoicG9zdF9saW5rX3VybF9wYWdlIiwic2V0dGluZ3MiOnsicG9zdF9pZCI6IjIzNzczMSJ9fQ==@\u00a0\u00bb global_module=\u00a0\u00bb238221&Prime; global_colors_info=\u00a0\u00bb{}\u00a0\u00bb][\/dsm_card][\/et_pb_column][\/et_pb_row][\/et_pb_section][et_pb_section fb_built=\u00a0\u00bb1&Prime; _builder_version=\u00a0\u00bb4.9.4&Prime; _module_preset=\u00a0\u00bbdefault\u00a0\u00bb background_enable_image=\u00a0\u00bboff\u00a0\u00bb background_size=\u00a0\u00bbcontain\u00a0\u00bb background_position=\u00a0\u00bbcenter_right\u00a0\u00bb custom_padding=\u00a0\u00bb||||false|false\u00a0\u00bb global_colors_info=\u00a0\u00bb{}\u00a0\u00bb][et_pb_row make_equal=\u00a0\u00bbon\u00a0\u00bb _builder_version=\u00a0\u00bb4.9.4&Prime; _module_preset=\u00a0\u00bbdefault\u00a0\u00bb global_colors_info=\u00a0\u00bb{}\u00a0\u00bb][et_pb_column type=\u00a0\u00bb4_4&Prime; _builder_version=\u00a0\u00bb4.9.4&Prime; _module_preset=\u00a0\u00bbdefault\u00a0\u00bb global_colors_info=\u00a0\u00bb{}\u00a0\u00bb][et_pb_text _builder_version=\u00a0\u00bb4.9.4&Prime; _module_preset=\u00a0\u00bbdefault\u00a0\u00bb global_colors_info=\u00a0\u00bb{}\u00a0\u00bb]<\/p>\n<h3>Nos actualit\u00e9s<\/h3>\n<p>D\u00e9couvrez les derni\u00e8res actualit\u00e9s en date sur nos solutions de produits les plus r\u00e9centes, nos collaborations, nos services, etc.[\/et_pb_text][\/et_pb_column][\/et_pb_row][et_pb_row make_equal=\u00a0\u00bbon\u00a0\u00bb _builder_version=\u00a0\u00bb4.9.4&Prime; _module_preset=\u00a0\u00bbdefault\u00a0\u00bb custom_padding=\u00a0\u00bb||80px|||\u00a0\u00bb global_colors_info=\u00a0\u00bb{}\u00a0\u00bb][et_pb_column type=\u00a0\u00bb4_4&Prime; _builder_version=\u00a0\u00bb4.9.4&Prime; _module_preset=\u00a0\u00bbdefault\u00a0\u00bb global_colors_info=\u00a0\u00bb{}\u00a0\u00bb][dsm_blog_carousel posts_number=\u00a0\u00bb9&Prime; readmore_text=\u00a0\u00bbEn savoir plus\u00a0\u00bb autoplay_speed=\u00a0\u00bb5000&Prime; navi_size=\u00a0\u00bb40&Prime; _builder_version=\u00a0\u00bb4.9.7&Prime; _module_preset=\u00a0\u00bbdabd3f62-95c9-4fb4-9557-c887d14ebeca\u00a0\u00bb title_text_color=\u00a0\u00bb#222C53&Prime; global_module=\u00a0\u00bb238228&Prime; saved_tabs=\u00a0\u00bball\u00a0\u00bb global_colors_info=\u00a0\u00bb{}\u00a0\u00bb][\/dsm_blog_carousel][\/et_pb_column][\/et_pb_row][\/et_pb_section][et_pb_section fb_built=\u00a0\u00bb1&Prime; _builder_version=\u00a0\u00bb4.9.4&Prime; _module_preset=\u00a0\u00bbdefault\u00a0\u00bb custom_padding=\u00a0\u00bb0px|||||\u00a0\u00bb global_module=\u00a0\u00bb238477&Prime; saved_tabs=\u00a0\u00bball\u00a0\u00bb global_colors_info=\u00a0\u00bb{}\u00a0\u00bb][et_pb_row column_structure=\u00a0\u00bb3_5,2_5&Prime; make_equal=\u00a0\u00bbon\u00a0\u00bb _builder_version=\u00a0\u00bb4.9.10&Prime; _module_preset=\u00a0\u00bbdefault\u00a0\u00bb custom_padding=\u00a0\u00bb||||false|false\u00a0\u00bb custom_css_main_element=\u00a0\u00bbalign-items:center;\u00a0\u00bb global_colors_info=\u00a0\u00bb{}\u00a0\u00bb][et_pb_column type=\u00a0\u00bb3_5&Prime; _builder_version=\u00a0\u00bb4.9.4&Prime; _module_preset=\u00a0\u00bbdefault\u00a0\u00bb global_colors_info=\u00a0\u00bb{}\u00a0\u00bb][et_pb_text _builder_version=\u00a0\u00bb4.9.4&Prime; _module_preset=\u00a0\u00bbdefault\u00a0\u00bb global_colors_info=\u00a0\u00bb{}\u00a0\u00bb]<\/p>\n<h3>Marques avec lesquelles nous travaillons<\/h3>\n<p>Pour une qualit\u00e9 optimale, nous collaborons avec les meilleurs acteurs du secteur, qui mettent en \u0153uvre des innovations intelligentes dans des \u00e9quipements fiables et de haute qualit\u00e9.[\/et_pb_text][\/et_pb_column][et_pb_column type=\u00a0\u00bb2_5&Prime; _builder_version=\u00a0\u00bb4.9.4&Prime; _module_preset=\u00a0\u00bbdefault\u00a0\u00bb background_enable_image=\u00a0\u00bboff\u00a0\u00bb background_size=\u00a0\u00bbcontain\u00a0\u00bb custom_padding=\u00a0\u00bb75px|12%|50px|12%|false|true\u00a0\u00bb global_colors_info=\u00a0\u00bb{}\u00a0\u00bb][et_pb_image src=\u00a0\u00bbhttps:\/\/www.avant-medical.com\/wp-content\/uploads\/blurb-yellow-left-top.svg\u00a0\u00bb title_text=\u00a0\u00bbblurb-yellow-left-top\u00a0\u00bb module_class=\u00a0\u00bbo-cioon\u00a0\u00bb _builder_version=\u00a0\u00bb4.9.10&Prime; _module_preset=\u00a0\u00bbceb21bd3-b870-4065-9fa9-f7a00d94456a\u00a0\u00bb global_colors_info=\u00a0\u00bb{}\u00a0\u00bb][\/et_pb_image][\/et_pb_column][\/et_pb_row][et_pb_row _builder_version=\u00a0\u00bb4.9.4&Prime; _module_preset=\u00a0\u00bbdefault\u00a0\u00bb global_colors_info=\u00a0\u00bb{}\u00a0\u00bb][et_pb_column type=\u00a0\u00bb4_4&Prime; _builder_version=\u00a0\u00bb4.9.4&Prime; _module_preset=\u00a0\u00bbdefault\u00a0\u00bb global_colors_info=\u00a0\u00bb{}\u00a0\u00bb][dsm_masonry_gallery gallery_ids=\u00a0\u00bb239478,240539,239482,239484,239550,239552,239556,240567,240570,240576,240573,240579&Prime; columns=\u00a0\u00bb4&Prime; gutter=\u00a0\u00bb0&Prime; _builder_version=\u00a0\u00bb4.10.5&Prime; _module_preset=\u00a0\u00bbdefault\u00a0\u00bb hover_enabled=\u00a0\u00bb0&Prime; global_colors_info=\u00a0\u00bb{}\u00a0\u00bb sticky_enabled=\u00a0\u00bb0&Prime;][\/dsm_masonry_gallery][\/et_pb_column][\/et_pb_row][\/et_pb_section]<\/p>\n","protected":false},"excerpt":{"rendered":"<p>Des solutions de laboratoire intelligentes pour des soins aux patients optimauxAvant Medical conseille les professionnels de sant\u00e9 de laboratoire et les aide \u00e0 s\u00e9lectionner les produits les plus performants de leur cat\u00e9gorie. Ensemble, nous apportons ainsi une contribution importante \u00e0 l\u2019am\u00e9lioration des diagnostics et des soins prodigu\u00e9s aux patients. Nous proposons aux sp\u00e9cialistes de laboratoire des Pays-Bas, de la Belgique et du Luxembourg des \u00e9quipements de diagnostic in vitro (IVD), d\u2019analyse sur le lieu d\u2019intervention (POCT) et de recherche m\u00e9dicale de qualit\u00e9 sup\u00e9rieure, conformes aux exigences des clients.Depuis 2009, nous fournissons tous les centres universitaires du Benelux, presque tous les h\u00f4pitaux cliniques (de pointe) et de nombreuses cliniques et laboratoires ind\u00e9pendants.La qualit\u00e9 et le service sont nos principales priorit\u00e9s. Nous ne nous contentons pas de vous pr\u00e9senter des \u00e9quipements. En effet, en plus de vous fournir des \u00e9quipements intelligents, nous vous apportons l\u2019assistance requise pour la mise en \u0153uvre, le raccordement et la formation dans le but de favoriser vos activit\u00e9s. Vous pouvez ainsi d\u2019embl\u00e9e vous focaliser en toute s\u00e9r\u00e9nit\u00e9 sur les t\u00e2ches qui contribuent \u00e0 l\u2019am\u00e9lioration des prestations de soins. \u00ab\u00a0Nous assurons un accompagnement jusqu\u2019\u00e0 la miseen \u0153uvre, mais proc\u00e9dons aussi \u00e0 son suivi. Vous avez la garantie d\u2019atteindre [&hellip;]<\/p>\n","protected":false},"author":7,"featured_media":0,"parent":0,"menu_order":0,"comment_status":"closed","ping_status":"closed","template":"","meta":{"_acf_changed":false,"_et_pb_use_builder":"on","_et_pb_old_content":"","_et_gb_content_width":"","footnotes":""},"categories":[],"tags":[],"class_list":["post-240767","page","type-page","status-publish","hentry"],"acf":[],"_links":{"self":[{"href":"https:\/\/www.avant-medical.com\/fr\/wp-json\/wp\/v2\/pages\/240767","targetHints":{"allow":["GET"]}}],"collection":[{"href":"https:\/\/www.avant-medical.com\/fr\/wp-json\/wp\/v2\/pages"}],"about":[{"href":"https:\/\/www.avant-medical.com\/fr\/wp-json\/wp\/v2\/types\/page"}],"author":[{"embeddable":true,"href":"https:\/\/www.avant-medical.com\/fr\/wp-json\/wp\/v2\/users\/7"}],"replies":[{"embeddable":true,"href":"https:\/\/www.avant-medical.com\/fr\/wp-json\/wp\/v2\/comments?post=240767"}],"version-history":[{"count":0,"href":"https:\/\/www.avant-medical.com\/fr\/wp-json\/wp\/v2\/pages\/240767\/revisions"}],"wp:attachment":[{"href":"https:\/\/www.avant-medical.com\/fr\/wp-json\/wp\/v2\/media?parent=240767"}],"wp:term":[{"taxonomy":"category","embeddable":true,"href":"https:\/\/www.avant-medical.com\/fr\/wp-json\/wp\/v2\/categories?post=240767"},{"taxonomy":"post_tag","embeddable":true,"href":"https:\/\/www.avant-medical.com\/fr\/wp-json\/wp\/v2\/tags?post=240767"}],"curies":[{"name":"wp","href":"https:\/\/api.w.org\/{rel}","templated":true}]}}