{"id":240786,"date":"2022-02-17T21:16:37","date_gmt":"2022-02-17T20:16:37","guid":{"rendered":"https:\/\/www.avant-medical.com\/produits\/"},"modified":"2022-02-17T21:16:42","modified_gmt":"2022-02-17T20:16:42","slug":"produits","status":"publish","type":"page","link":"https:\/\/www.avant-medical.com\/fr\/produits\/","title":{"rendered":"Produits"},"content":{"rendered":"<p>[et_pb_section fb_built=\u00a0\u00bb1&Prime; _builder_version=\u00a0\u00bb4.9.7&Prime; _module_preset=\u00a0\u00bb4fcb4a45-cb6b-4b9e-9b31-b2640bc85fb8&Prime;][et_pb_row column_structure=\u00a0\u00bb1_2,1_2&Prime; use_custom_gutter=\u00a0\u00bbon\u00a0\u00bb gutter_width=\u00a0\u00bb2&Prime; make_equal=\u00a0\u00bbon\u00a0\u00bb _builder_version=\u00a0\u00bb4.9.7&Prime; _module_preset=\u00a0\u00bbdefault\u00a0\u00bb custom_padding=\u00a0\u00bb||60px|||\u00a0\u00bb custom_css_main_element=\u00a0\u00bbalign-items:center;\u00a0\u00bb][et_pb_column type=\u00a0\u00bb1_2&Prime; _builder_version=\u00a0\u00bb4.9.4&Prime; _module_preset=\u00a0\u00bbdefault\u00a0\u00bb][et_pb_text _builder_version=\u00a0\u00bb4.9.7&Prime; _module_preset=\u00a0\u00bb29d40321-2d3e-4f1d-b778-676ebef638fe\u00a0\u00bb header_font_size_tablet=\u00a0\u00bb46px\u00a0\u00bb header_font_size_phone=\u00a0\u00bb\u00a0\u00bb header_font_size_last_edited=\u00a0\u00bbon|phone\u00a0\u00bb]<\/p>\n<h1>Produits<\/h1>\n<p>De produits de premi\u00e8re cat\u00e9gorie tri\u00e9s sur le volet offrent aux professionnels de sant\u00e9 les outils pour garantir une prestation de soins optimale aux patients.<\/p>\n<p>[\/et_pb_text][\/et_pb_column][et_pb_column type=\u00a0\u00bb1_2&Prime; _builder_version=\u00a0\u00bb4.9.4&Prime; _module_preset=\u00a0\u00bbdefault\u00a0\u00bb][et_pb_image src=\u00a0\u00bbhttps:\/\/www.avant-medical.com\/wp-content\/uploads\/Smart-lab-solutions-avant-medical.png\u00a0\u00bb title_text=\u00a0\u00bbSmart-lab-solutions-avant-medical\u00a0\u00bb align=\u00a0\u00bbcenter\u00a0\u00bb _builder_version=\u00a0\u00bb4.9.4&Prime; _module_preset=\u00a0\u00bbdefault\u00a0\u00bb z_index=\u00a0\u00bb5&Prime; max_width=\u00a0\u00bb500px\u00a0\u00bb][\/et_pb_image][\/et_pb_column][\/et_pb_row][et_pb_row _builder_version=\u00a0\u00bb4.9.4&Prime; _module_preset=\u00a0\u00bbdefault\u00a0\u00bb locked=\u00a0\u00bboff\u00a0\u00bb][et_pb_column type=\u00a0\u00bb4_4&Prime; _builder_version=\u00a0\u00bb4.9.4&Prime; _module_preset=\u00a0\u00bbdefault\u00a0\u00bb][et_pb_text _builder_version=\u00a0\u00bb4.9.4&Prime; _module_preset=\u00a0\u00bb6839cd8e-43f4-421f-b986-1d46613d0793&Prime;]<\/p>\n<p>\u00ab\u00a0Notre objectif est de fournir \u00e0 nos clients des solutions abordables et de premier ordre pour vous aider \u00e0 am\u00e9liorer continuellement vos services aux patients.\u00a0\u00bb<\/p>\n<p>[\/et_pb_text][\/et_pb_column][\/et_pb_row][\/et_pb_section][et_pb_section fb_built=\u00a0\u00bb1&Prime; _builder_version=\u00a0\u00bb4.9.4&Prime; _module_preset=\u00a0\u00bbdefault\u00a0\u00bb custom_padding=\u00a0\u00bb0px||0px|||\u00a0\u00bb][et_pb_row column_structure=\u00a0\u00bb1_3,1_3,1_3&Prime; _builder_version=\u00a0\u00bb4.9.4&Prime; _module_preset=\u00a0\u00bbdefault\u00a0\u00bb locked=\u00a0\u00bboff\u00a0\u00bb][et_pb_column type=\u00a0\u00bb1_3&Prime; _builder_version=\u00a0\u00bb4.9.4&Prime; _module_preset=\u00a0\u00bbdefault\u00a0\u00bb][dsm_card title=\u00a0\u00bbdiagnostics de laboratoire\u00a0\u00bb image=\u00a0\u00bbhttps:\/\/www.avant-medical.com\/wp-content\/uploads\/laboratory-diagnostics-products-image.png\u00a0\u00bb image_as_background=\u00a0\u00bboff\u00a0\u00bb button_text=\u00a0\u00bbproduits\u00a0\u00bb button_url=\u00a0\u00bb@ET-DC@eyJkeW5hbWljIjp0cnVlLCJjb250ZW50IjoicG9zdF9saW5rX3VybF9wYWdlIiwic2V0dGluZ3MiOnsicG9zdF9pZCI6IjIzNzcxOSJ9fQ==@\u00a0\u00bb button_url_new_window=\u00a0\u00bb1&Prime; _builder_version=\u00a0\u00bb4.9.10&Prime; _dynamic_attributes=\u00a0\u00bbbutton_url,link_option_url\u00a0\u00bb _module_preset=\u00a0\u00bbdefault\u00a0\u00bb header_level=\u00a0\u00bbh3&Prime; header_font=\u00a0\u00bb|300|||||||\u00a0\u00bb header_text_align=\u00a0\u00bbcenter\u00a0\u00bb header_font_size=\u00a0\u00bb36px\u00a0\u00bb button_alignment=\u00a0\u00bbcenter\u00a0\u00bb link_option_url=\u00a0\u00bb@ET-DC@eyJkeW5hbWljIjp0cnVlLCJjb250ZW50IjoicG9zdF9saW5rX3VybF9wYWdlIiwic2V0dGluZ3MiOnsicG9zdF9pZCI6IjIzNzcxOSJ9fQ==@\u00a0\u00bb global_module=\u00a0\u00bb238218&Prime; saved_tabs=\u00a0\u00bball\u00a0\u00bb][\/dsm_card][\/et_pb_column][et_pb_column type=\u00a0\u00bb1_3&Prime; _builder_version=\u00a0\u00bb4.9.4&Prime; _module_preset=\u00a0\u00bbdefault\u00a0\u00bb][dsm_card title=\u00a0\u00bbanalyses sur le lieu d\u2019intervention\u00a0\u00bb image=\u00a0\u00bbhttps:\/\/www.avant-medical.com\/wp-content\/uploads\/point-in-care-product-image.png\u00a0\u00bb image_as_background=\u00a0\u00bboff\u00a0\u00bb button_text=\u00a0\u00bbproduits\u00a0\u00bb button_url=\u00a0\u00bb@ET-DC@eyJkeW5hbWljIjp0cnVlLCJjb250ZW50IjoicG9zdF9saW5rX3VybF9wYWdlIiwic2V0dGluZ3MiOnsicG9zdF9pZCI6IjIzNzcyNiJ9fQ==@\u00a0\u00bb button_url_new_window=\u00a0\u00bb1&Prime; _builder_version=\u00a0\u00bb4.9.10&Prime; _dynamic_attributes=\u00a0\u00bblink_option_url,button_url\u00a0\u00bb _module_preset=\u00a0\u00bbdefault\u00a0\u00bb header_level=\u00a0\u00bbh3&Prime; header_font=\u00a0\u00bb|300|||||||\u00a0\u00bb header_text_align=\u00a0\u00bbcenter\u00a0\u00bb header_font_size=\u00a0\u00bb36px\u00a0\u00bb button_alignment=\u00a0\u00bbcenter\u00a0\u00bb link_option_url=\u00a0\u00bb@ET-DC@eyJkeW5hbWljIjp0cnVlLCJjb250ZW50IjoicG9zdF9saW5rX3VybF9wYWdlIiwic2V0dGluZ3MiOnsicG9zdF9pZCI6IjIzNzcyNiJ9fQ==@\u00a0\u00bb hover_enabled=\u00a0\u00bb0&Prime; global_module=\u00a0\u00bb238219&Prime; saved_tabs=\u00a0\u00bball\u00a0\u00bb title_text=\u00a0\u00bbpoint-in-care-product-image\u00a0\u00bb sticky_enabled=\u00a0\u00bb0&Prime;][\/dsm_card][\/et_pb_column][et_pb_column type=\u00a0\u00bb1_3&Prime; _builder_version=\u00a0\u00bb4.9.4&Prime; _module_preset=\u00a0\u00bbdefault\u00a0\u00bb][dsm_card title=\u00a0\u00bbdispositifs m\u00e9dicaux\u00a0\u00bb image=\u00a0\u00bbhttps:\/\/www.avant-medical.com\/wp-content\/uploads\/medical-devices-1.png\u00a0\u00bb image_as_background=\u00a0\u00bboff\u00a0\u00bb content_padding=\u00a0\u00bb|40px|20px|40px|false|true\u00a0\u00bb button_text=\u00a0\u00bbproduits\u00a0\u00bb button_url=\u00a0\u00bb@ET-DC@eyJkeW5hbWljIjp0cnVlLCJjb250ZW50IjoicG9zdF9saW5rX3VybF9wYWdlIiwic2V0dGluZ3MiOnsicG9zdF9pZCI6IjIzNzczMSJ9fQ==@\u00a0\u00bb button_url_new_window=\u00a0\u00bb1&Prime; content_padding_tablet=\u00a0\u00bb\u00a0\u00bb content_padding_phone=\u00a0\u00bb\u00a0\u00bb content_padding_last_edited=\u00a0\u00bbon|phone\u00a0\u00bb _builder_version=\u00a0\u00bb4.9.10&Prime; _dynamic_attributes=\u00a0\u00bblink_option_url,button_url\u00a0\u00bb _module_preset=\u00a0\u00bbdefault\u00a0\u00bb header_level=\u00a0\u00bbh3&Prime; header_font=\u00a0\u00bb|300|||||||\u00a0\u00bb header_text_align=\u00a0\u00bbcenter\u00a0\u00bb header_font_size=\u00a0\u00bb36px\u00a0\u00bb button_alignment=\u00a0\u00bbcenter\u00a0\u00bb link_option_url=\u00a0\u00bb@ET-DC@eyJkeW5hbWljIjp0cnVlLCJjb250ZW50IjoicG9zdF9saW5rX3VybF9wYWdlIiwic2V0dGluZ3MiOnsicG9zdF9pZCI6IjIzNzczMSJ9fQ==@\u00a0\u00bb global_module=\u00a0\u00bb238221&Prime; saved_tabs=\u00a0\u00bball\u00a0\u00bb][\/dsm_card][\/et_pb_column][\/et_pb_row][\/et_pb_section][et_pb_section fb_built=\u00a0\u00bb1&Prime; _builder_version=\u00a0\u00bb4.9.4&Prime; _module_preset=\u00a0\u00bbdefault\u00a0\u00bb custom_padding=\u00a0\u00bb0px|||||\u00a0\u00bb global_module=\u00a0\u00bb238477&Prime; saved_tabs=\u00a0\u00bball\u00a0\u00bb][et_pb_row column_structure=\u00a0\u00bb3_5,2_5&Prime; make_equal=\u00a0\u00bbon\u00a0\u00bb _builder_version=\u00a0\u00bb4.9.10&Prime; _module_preset=\u00a0\u00bbdefault\u00a0\u00bb custom_padding=\u00a0\u00bb||||false|false\u00a0\u00bb custom_css_main_element=\u00a0\u00bbalign-items:center;\u00a0\u00bb][et_pb_column type=\u00a0\u00bb3_5&Prime; _builder_version=\u00a0\u00bb4.9.4&Prime; _module_preset=\u00a0\u00bbdefault\u00a0\u00bb][et_pb_text _builder_version=\u00a0\u00bb4.9.4&Prime; _module_preset=\u00a0\u00bbdefault\u00a0\u00bb]<\/p>\n<h3>Marques avec lesquelles nous travaillons<\/h3>\n<p>Pour une qualit\u00e9 optimale, nous collaborons avec les meilleurs acteurs du secteur, qui mettent en \u0153uvre des innovations intelligentes dans des \u00e9quipements fiables et de haute qualit\u00e9.[\/et_pb_text][\/et_pb_column][et_pb_column type=\u00a0\u00bb2_5&Prime; _builder_version=\u00a0\u00bb4.9.4&Prime; _module_preset=\u00a0\u00bbdefault\u00a0\u00bb background_enable_image=\u00a0\u00bboff\u00a0\u00bb background_size=\u00a0\u00bbcontain\u00a0\u00bb custom_padding=\u00a0\u00bb75px|12%|50px|12%|false|true\u00a0\u00bb][et_pb_image src=\u00a0\u00bbhttps:\/\/www.avant-medical.com\/wp-content\/uploads\/blurb-yellow-left-top.svg\u00a0\u00bb title_text=\u00a0\u00bbblurb-yellow-left-top\u00a0\u00bb module_class=\u00a0\u00bbo-cioon\u00a0\u00bb _builder_version=\u00a0\u00bb4.9.10&Prime; _module_preset=\u00a0\u00bbceb21bd3-b870-4065-9fa9-f7a00d94456a\u00a0\u00bb][\/et_pb_image][\/et_pb_column][\/et_pb_row][et_pb_row _builder_version=\u00a0\u00bb4.9.4&Prime; _module_preset=\u00a0\u00bbdefault\u00a0\u00bb][et_pb_column type=\u00a0\u00bb4_4&Prime; _builder_version=\u00a0\u00bb4.9.4&Prime; _module_preset=\u00a0\u00bbdefault\u00a0\u00bb][dsm_masonry_gallery gallery_ids=\u00a0\u00bb239478,239480,239482,239484,239550,239552,239554,239556&Prime; columns=\u00a0\u00bb4&Prime; gutter=\u00a0\u00bb0&Prime; _builder_version=\u00a0\u00bb4.9.4&Prime; _module_preset=\u00a0\u00bbdefault\u00a0\u00bb][\/dsm_masonry_gallery][\/et_pb_column][\/et_pb_row][\/et_pb_section]<\/p>\n","protected":false},"excerpt":{"rendered":"<p>Produits De produits de premi\u00e8re cat\u00e9gorie tri\u00e9s sur le volet offrent aux professionnels de sant\u00e9 les outils pour garantir une prestation de soins optimale aux patients.\u00a0\u00bbNotre objectif est de fournir \u00e0 nos clients des solutions abordables et de premier ordre pour vous aider \u00e0 am\u00e9liorer continuellement vos services aux patients.\u00a0\u00bb<div class=\"et_pb_module dsm_card dsm_card_0 et_pb_bg_layout_light  dsm_card_layout_stacked\">\n\t\t\t\t\n\t\t\t\t\n\t\t\t\t\n\t\t\t\t\n\t\t\t\t\n\t\t\t\t\n\t\t\t\t<div class=\"et_pb_module_inner\">\n\t\t\t\t\t\n\t\t\t\n\t\t\t<figure class=\"dsm_card_image_wrapper dsm_card_badge_top_right\"><img decoding=\"async\" src=\"https:\/\/www.avant-medical.com\/wp-content\/uploads\/laboratory-diagnostics-products-image.png\" alt=\"\" srcset=\"https:\/\/www.avant-medical.com\/wp-content\/uploads\/laboratory-diagnostics-products-image.png 570w, https:\/\/www.avant-medical.com\/wp-content\/uploads\/laboratory-diagnostics-products-image-480x408.png 480w\" sizes=\"(min-width: 0px) and (max-width: 480px) 480px, (min-width: 481px) 570px, 100vw\" class=\"dsm_card_img dsm_card_image_stretch\" \/><\/figure>\n\t\t\t<div class=\"et_pb_module dsm_card_wrapper et_pb_text_align_left\">\n\t\t\t\t\t\n\t\t\t\t\t<h3 class=\"dsm_card_title et_pb_module_header\">diagnostics de laboratoire<\/h3>\n\t\t\t\t\t\n\t\t\t\t\t\n\t\t\t\t\t<div class=\"et_pb_button_wrapper\"><a class=\"et_pb_button et_pb_more_button \" href=\"\">produits<\/a><\/div>\n\t\t\t\t<\/div>\n\t\t\t\n\t\t\t\t<\/div>\n\t\t\t<\/div><div class=\"et_pb_module dsm_card dsm_card_1 et_pb_bg_layout_light  dsm_card_layout_stacked\">\n\t\t\t\t\n\t\t\t\t\n\t\t\t\t\n\t\t\t\t\n\t\t\t\t\n\t\t\t\t\n\t\t\t\t<div class=\"et_pb_module_inner\">\n\t\t\t\t\t\n\t\t\t\n\t\t\t<figure class=\"dsm_card_image_wrapper dsm_card_badge_top_right\"><img decoding=\"async\" src=\"https:\/\/www.avant-medical.com\/wp-content\/uploads\/point-in-care-product-image.png\" alt=\"\" srcset=\"https:\/\/www.avant-medical.com\/wp-content\/uploads\/point-in-care-product-image.png 570w, https:\/\/www.avant-medical.com\/wp-content\/uploads\/point-in-care-product-image-480x408.png 480w\" sizes=\"(min-width: 0px) and (max-width: 480px) 480px, (min-width: 481px) 570px, 100vw\" class=\"dsm_card_img dsm_card_image_stretch\" \/><\/figure>\n\t\t\t<div class=\"et_pb_module dsm_card_wrapper et_pb_text_align_left\">\n\t\t\t\t\t\n\t\t\t\t\t<h3 class=\"dsm_card_title et_pb_module_header\">analyses sur le lieu d\u2019intervention<\/h3>\n\t\t\t\t\t\n\t\t\t\t\t\n\t\t\t\t\t<div class=\"et_pb_button_wrapper\"><a class=\"et_pb_button et_pb_more_button \" href=\"\">produits<\/a><\/div>\n\t\t\t\t<\/div>\n\t\t\t\n\t\t\t\t<\/div>\n\t\t\t<\/div><div class=\"et_pb_module dsm_card dsm_card_2 et_pb_bg_layout_light  dsm_card_layout_stacked\">\n\t\t\t\t\n\t\t\t\t\n\t\t\t\t\n\t\t\t\t\n\t\t\t\t\n\t\t\t\t\n\t\t\t\t<div class=\"et_pb_module_inner\">\n\t\t\t\t\t\n\t\t\t\n\t\t\t<figure class=\"dsm_card_image_wrapper dsm_card_badge_top_right\"><img decoding=\"async\" src=\"https:\/\/www.avant-medical.com\/wp-content\/uploads\/medical-devices-1.png\" alt=\"\" srcset=\"https:\/\/www.avant-medical.com\/wp-content\/uploads\/medical-devices-1.png 570w, https:\/\/www.avant-medical.com\/wp-content\/uploads\/medical-devices-1-480x408.png 480w\" sizes=\"(min-width: 0px) and (max-width: 480px) 480px, (min-width: 481px) 570px, 100vw\" class=\"dsm_card_img dsm_card_image_stretch\" \/><\/figure>\n\t\t\t<div class=\"et_pb_module dsm_card_wrapper et_pb_text_align_left\">\n\t\t\t\t\t\n\t\t\t\t\t<h3 class=\"dsm_card_title et_pb_module_header\">dispositifs m\u00e9dicaux<\/h3>\n\t\t\t\t\t\n\t\t\t\t\t\n\t\t\t\t\t<div class=\"et_pb_button_wrapper\"><a class=\"et_pb_button et_pb_more_button \" href=\"\">produits<\/a><\/div>\n\t\t\t\t<\/div>\n\t\t\t\n\t\t\t\t<\/div>\n\t\t\t<\/div>Marques avec lesquelles nous travaillons Pour une qualit\u00e9 optimale, nous collaborons avec les meilleurs acteurs du secteur, qui mettent en \u0153uvre des innovations intelligentes dans des \u00e9quipements fiables et de haute qualit\u00e9.<div class=\"et_pb_module dsm_masonry_gallery dsm_masonry_gallery_0\">\n\t\t\t\t\n\t\t\t\t\n\t\t\t\t\n\t\t\t\t\n\t\t\t\t\n\t\t\t\t\n\t\t\t\t<div class=\"et_pb_module_inner\">\n\t\t\t\t\t<div class=\"dsm-gallery grid\" data-lightbox=\"false\" data-horizontalorder=\"true\">\n                <div class=\"grid-sizer\"><\/div><div class=\"gutter-sizer\"><\/div><div class=\"grid-item\">\n                    <div class=\"et_pb_image_wrap\">\n                        <img loading=\"lazy\" decoding=\"async\" src=\"https:\/\/www.avant-medical.com\/wp-content\/uploads\/accuVein-logo.jpg\" title=\"accuVein-logo\" alt=\"\" class=\"dsm-skip-lazyload\" srcset=\"https:\/\/www.avant-medical.com\/wp-content\/uploads\/accuVein-logo.jpg 600w, https:\/\/www.avant-medical.com\/wp-content\/uploads\/accuVein-logo-480x160.jpg 480w\" sizes=\"(min-width: 0px) and (max-width: 480px) 480px, (min-width: 481px) 600px, 100vw\" width=\"600\" height=\"200\" \/>\n                        \n                    <\/div>\n                <\/div><div class=\"grid-item\">\n                    <div class=\"et_pb_image_wrap\">\n                        <img loading=\"lazy\" decoding=\"async\" src=\"https:\/\/www.avant-medical.com\/wp-content\/uploads\/Boditech.jpg\" title=\"Boditech\" alt=\"\" class=\"dsm-skip-lazyload\" srcset=\"https:\/\/www.avant-medical.com\/wp-content\/uploads\/Boditech.jpg 600w, https:\/\/www.avant-medical.com\/wp-content\/uploads\/Boditech-480x160.jpg 480w\" sizes=\"(min-width: 0px) and (max-width: 480px) 480px, (min-width: 481px) 600px, 100vw\" width=\"600\" height=\"200\" \/>\n                        \n                    <\/div>\n                <\/div><div class=\"grid-item\">\n                    <div class=\"et_pb_image_wrap\">\n                        <img loading=\"lazy\" decoding=\"async\" src=\"https:\/\/www.avant-medical.com\/wp-content\/uploads\/chrono-log.jpg\" title=\"chrono-log\" alt=\"\" class=\"dsm-skip-lazyload\" srcset=\"https:\/\/www.avant-medical.com\/wp-content\/uploads\/chrono-log.jpg 600w, https:\/\/www.avant-medical.com\/wp-content\/uploads\/chrono-log-480x160.jpg 480w\" sizes=\"(min-width: 0px) and (max-width: 480px) 480px, (min-width: 481px) 600px, 100vw\" width=\"600\" height=\"200\" \/>\n                        \n                    <\/div>\n                <\/div><div class=\"grid-item\">\n                    <div class=\"et_pb_image_wrap\">\n                        <img loading=\"lazy\" decoding=\"async\" src=\"https:\/\/www.avant-medical.com\/wp-content\/uploads\/EKF.jpg\" title=\"EKF\" alt=\"\" class=\"dsm-skip-lazyload\" srcset=\"https:\/\/www.avant-medical.com\/wp-content\/uploads\/EKF.jpg 600w, https:\/\/www.avant-medical.com\/wp-content\/uploads\/EKF-480x160.jpg 480w\" sizes=\"(min-width: 0px) and (max-width: 480px) 480px, (min-width: 481px) 600px, 100vw\" width=\"600\" height=\"200\" \/>\n                        \n                    <\/div>\n                <\/div><div class=\"grid-item\">\n                    <div class=\"et_pb_image_wrap\">\n                        <img loading=\"lazy\" decoding=\"async\" src=\"https:\/\/www.avant-medical.com\/wp-content\/uploads\/Greatbatch.jpg\" title=\"Greatbatch\" alt=\"\" class=\"dsm-skip-lazyload\" srcset=\"https:\/\/www.avant-medical.com\/wp-content\/uploads\/Greatbatch.jpg 600w, https:\/\/www.avant-medical.com\/wp-content\/uploads\/Greatbatch-480x160.jpg 480w\" sizes=\"(min-width: 0px) and (max-width: 480px) 480px, (min-width: 481px) 600px, 100vw\" width=\"600\" height=\"200\" \/>\n                        \n                    <\/div>\n                <\/div><div class=\"grid-item\">\n                    <div class=\"et_pb_image_wrap\">\n                        <img loading=\"lazy\" decoding=\"async\" src=\"https:\/\/www.avant-medical.com\/wp-content\/uploads\/lumiraDx-logo.jpg\" title=\"lumiraDx-logo\" alt=\"\" class=\"dsm-skip-lazyload\" srcset=\"https:\/\/www.avant-medical.com\/wp-content\/uploads\/lumiraDx-logo.jpg 600w, https:\/\/www.avant-medical.com\/wp-content\/uploads\/lumiraDx-logo-480x160.jpg 480w\" sizes=\"(min-width: 0px) and (max-width: 480px) 480px, (min-width: 481px) 600px, 100vw\" width=\"600\" height=\"200\" \/>\n                        \n                    <\/div>\n                <\/div><div class=\"grid-item\">\n                    <div class=\"et_pb_image_wrap\">\n                        <img loading=\"lazy\" decoding=\"async\" src=\"https:\/\/www.avant-medical.com\/wp-content\/uploads\/Skyla.jpg\" title=\"Skyla\" alt=\"\" class=\"dsm-skip-lazyload\" srcset=\"https:\/\/www.avant-medical.com\/wp-content\/uploads\/Skyla.jpg 600w, https:\/\/www.avant-medical.com\/wp-content\/uploads\/Skyla-480x160.jpg 480w\" sizes=\"(min-width: 0px) and (max-width: 480px) 480px, (min-width: 481px) 600px, 100vw\" width=\"600\" height=\"200\" \/>\n                        \n                    <\/div>\n                <\/div><div class=\"grid-item\">\n                    <div class=\"et_pb_image_wrap\">\n                        <img loading=\"lazy\" decoding=\"async\" src=\"https:\/\/www.avant-medical.com\/wp-content\/uploads\/trinity-biotech-logo.jpg\" title=\"trinity-biotech-logo\" alt=\"\" class=\"dsm-skip-lazyload\" srcset=\"https:\/\/www.avant-medical.com\/wp-content\/uploads\/trinity-biotech-logo.jpg 600w, https:\/\/www.avant-medical.com\/wp-content\/uploads\/trinity-biotech-logo-480x160.jpg 480w\" sizes=\"(min-width: 0px) and (max-width: 480px) 480px, (min-width: 481px) 600px, 100vw\" width=\"600\" height=\"200\" \/>\n                        \n                    <\/div>\n                <\/div>\n             <\/div>\n\t\t\t\t<\/div>\n\t\t\t<\/div><\/p>\n","protected":false},"author":7,"featured_media":0,"parent":0,"menu_order":0,"comment_status":"closed","ping_status":"closed","template":"","meta":{"_acf_changed":false,"_et_pb_use_builder":"on","_et_pb_old_content":"","_et_gb_content_width":"","footnotes":""},"categories":[],"tags":[],"class_list":["post-240786","page","type-page","status-publish","hentry"],"acf":[],"_links":{"self":[{"href":"https:\/\/www.avant-medical.com\/fr\/wp-json\/wp\/v2\/pages\/240786","targetHints":{"allow":["GET"]}}],"collection":[{"href":"https:\/\/www.avant-medical.com\/fr\/wp-json\/wp\/v2\/pages"}],"about":[{"href":"https:\/\/www.avant-medical.com\/fr\/wp-json\/wp\/v2\/types\/page"}],"author":[{"embeddable":true,"href":"https:\/\/www.avant-medical.com\/fr\/wp-json\/wp\/v2\/users\/7"}],"replies":[{"embeddable":true,"href":"https:\/\/www.avant-medical.com\/fr\/wp-json\/wp\/v2\/comments?post=240786"}],"version-history":[{"count":0,"href":"https:\/\/www.avant-medical.com\/fr\/wp-json\/wp\/v2\/pages\/240786\/revisions"}],"wp:attachment":[{"href":"https:\/\/www.avant-medical.com\/fr\/wp-json\/wp\/v2\/media?parent=240786"}],"wp:term":[{"taxonomy":"category","embeddable":true,"href":"https:\/\/www.avant-medical.com\/fr\/wp-json\/wp\/v2\/categories?post=240786"},{"taxonomy":"post_tag","embeddable":true,"href":"https:\/\/www.avant-medical.com\/fr\/wp-json\/wp\/v2\/tags?post=240786"}],"curies":[{"name":"wp","href":"https:\/\/api.w.org\/{rel}","templated":true}]}}