{"id":240801,"date":"2022-02-17T21:23:16","date_gmt":"2022-02-17T20:23:16","guid":{"rendered":"https:\/\/www.avant-medical.com\/solutions-covid-19\/"},"modified":"2022-02-17T21:23:19","modified_gmt":"2022-02-17T20:23:19","slug":"solutions-covid-19","status":"publish","type":"page","link":"https:\/\/www.avant-medical.com\/fr\/solutions-covid-19\/","title":{"rendered":"Solutions COVID-19"},"content":{"rendered":"<p>[et_pb_section fb_built=\u00a0\u00bb1&Prime; _builder_version=\u00a0\u00bb4.9.4&Prime; _module_preset=\u00a0\u00bb4fcb4a45-cb6b-4b9e-9b31-b2640bc85fb8&Prime; custom_padding=\u00a0\u00bb||0px||false|false\u00a0\u00bb locked=\u00a0\u00bboff\u00a0\u00bb global_colors_info=\u00a0\u00bb{}\u00a0\u00bb][et_pb_row column_structure=\u00a0\u00bb1_2,1_2&Prime; use_custom_gutter=\u00a0\u00bbon\u00a0\u00bb gutter_width=\u00a0\u00bb2&Prime; make_equal=\u00a0\u00bbon\u00a0\u00bb _builder_version=\u00a0\u00bb4.9.4&Prime; _module_preset=\u00a0\u00bbdefault\u00a0\u00bb custom_padding=\u00a0\u00bb||60px|||\u00a0\u00bb custom_css_main_element=\u00a0\u00bbalign-items:center;\u00a0\u00bb global_colors_info=\u00a0\u00bb{}\u00a0\u00bb][et_pb_column type=\u00a0\u00bb1_2&Prime; _builder_version=\u00a0\u00bb4.9.4&Prime; _module_preset=\u00a0\u00bbdefault\u00a0\u00bb global_colors_info=\u00a0\u00bb{}\u00a0\u00bb][et_pb_text _builder_version=\u00a0\u00bb4.10.2&Prime; _module_preset=\u00a0\u00bb29d40321-2d3e-4f1d-b778-676ebef638fe\u00a0\u00bb global_colors_info=\u00a0\u00bb{}\u00a0\u00bb]<\/p>\n<h1>Solutions COVID-19<\/h1>\n<p>Le Sars-Cov-2 (COVID-19) ou Coronavirus 2019-nCOV, provoque, entre autres, de graves pneumonies, de sorte que la pr\u00e9vention et le contr\u00f4le de cette infection sont devenus une priorit\u00e9 absolue.<\/p>\n<p>[\/et_pb_text][\/et_pb_column][et_pb_column type=\u00a0\u00bb1_2&Prime; _builder_version=\u00a0\u00bb4.9.4&Prime; _module_preset=\u00a0\u00bbdefault\u00a0\u00bb global_colors_info=\u00a0\u00bb{}\u00a0\u00bb][et_pb_image src=\u00a0\u00bbhttps:\/\/www.avant-medical.com\/wp-content\/uploads\/Smart-lab-solutions-avant-medical.png\u00a0\u00bb title_text=\u00a0\u00bbSmart-lab-solutions-avant-medical\u00a0\u00bb align=\u00a0\u00bbcenter\u00a0\u00bb _builder_version=\u00a0\u00bb4.9.4&Prime; _module_preset=\u00a0\u00bbdefault\u00a0\u00bb z_index=\u00a0\u00bb5&Prime; max_width=\u00a0\u00bb500px\u00a0\u00bb global_colors_info=\u00a0\u00bb{}\u00a0\u00bb][\/et_pb_image][\/et_pb_column][\/et_pb_row][et_pb_row _builder_version=\u00a0\u00bb4.10.2&Prime; _module_preset=\u00a0\u00bbdefault\u00a0\u00bb global_colors_info=\u00a0\u00bb{}\u00a0\u00bb][et_pb_column type=\u00a0\u00bb4_4&Prime; _builder_version=\u00a0\u00bb4.10.2&Prime; _module_preset=\u00a0\u00bbdefault\u00a0\u00bb global_colors_info=\u00a0\u00bb{}\u00a0\u00bb][et_pb_text _builder_version=\u00a0\u00bb4.10.5&Prime; _module_preset=\u00a0\u00bbdefault\u00a0\u00bb hover_enabled=\u00a0\u00bb0&Prime; global_colors_info=\u00a0\u00bb{}\u00a0\u00bb sticky_enabled=\u00a0\u00bb0&Prime;]<\/p>\n<h2>Solutions de test Boditech AFIAS pour COVID-19<\/h2>\n<p>[\/et_pb_text][\/et_pb_column][\/et_pb_row][et_pb_row column_structure=\u00a0\u00bb2_3,1_3&Prime; _builder_version=\u00a0\u00bb4.10.2&Prime; _module_preset=\u00a0\u00bbdefault\u00a0\u00bb custom_padding=\u00a0\u00bb0px|||||\u00a0\u00bb global_colors_info=\u00a0\u00bb{}\u00a0\u00bb][et_pb_column type=\u00a0\u00bb2_3&Prime; _builder_version=\u00a0\u00bb4.10.2&Prime; _module_preset=\u00a0\u00bbdefault\u00a0\u00bb global_colors_info=\u00a0\u00bb{}\u00a0\u00bb][et_pb_text _builder_version=\u00a0\u00bb4.10.5&Prime; _module_preset=\u00a0\u00bbdefault\u00a0\u00bb hover_enabled=\u00a0\u00bb0&Prime; global_colors_info=\u00a0\u00bb{}\u00a0\u00bb sticky_enabled=\u00a0\u00bb0&Prime;]<\/p>\n<p>Avant Medical dispose d\u2019un portefeuille innovant pour fournir aux Pays-Bas, \u00e0 la Belgique et au Luxembourg des solutions de test pr\u00e9cises pour le d\u00e9pistage de l\u2019antig\u00e8ne et des anticorps du COVID-19. Les analyseurs Boditech AFIAS nous permettent d\u2019offrir des solutions optimales pour un diagnostic rapide sur site avec une tr\u00e8s grande pr\u00e9cision.<\/p>\n<p>[\/et_pb_text][\/et_pb_column][et_pb_column type=\u00a0\u00bb1_3&Prime; _builder_version=\u00a0\u00bb4.10.2&Prime; _module_preset=\u00a0\u00bbdefault\u00a0\u00bb global_colors_info=\u00a0\u00bb{}\u00a0\u00bb][\/et_pb_column][\/et_pb_row][\/et_pb_section][et_pb_section fb_built=\u00a0\u00bb1&Prime; _builder_version=\u00a0\u00bb4.10.2&Prime; _module_preset=\u00a0\u00bbdefault\u00a0\u00bb custom_padding=\u00a0\u00bb0px|||||\u00a0\u00bb global_colors_info=\u00a0\u00bb{}\u00a0\u00bb][et_pb_row column_structure=\u00a0\u00bb1_2,1_2&Prime; _builder_version=\u00a0\u00bb4.9.4&Prime; _module_preset=\u00a0\u00bbdefault\u00a0\u00bb locked=\u00a0\u00bboff\u00a0\u00bb global_colors_info=\u00a0\u00bb{}\u00a0\u00bb][et_pb_column type=\u00a0\u00bb1_2&Prime; _builder_version=\u00a0\u00bb4.9.4&Prime; _module_preset=\u00a0\u00bbdefault\u00a0\u00bb global_colors_info=\u00a0\u00bb{}\u00a0\u00bb][dsm_card title=\u00a0\u00bbSolutions COVID-19 AFIAS\u00a0\u00bb layout=\u00a0\u00bbinline\u00a0\u00bb image=\u00a0\u00bbhttps:\/\/www.avant-medical.com\/wp-content\/uploads\/AFIAS-1-product-photo.png\u00a0\u00bb image_as_background=\u00a0\u00bboff\u00a0\u00bb image_width=\u00a0\u00bb200px\u00a0\u00bb image_alignment=\u00a0\u00bbcenter\u00a0\u00bb content_padding=\u00a0\u00bb20px|40px|20px|40px|false|true\u00a0\u00bb button_text=\u00a0\u00bbproduits\u00a0\u00bb button_url=\u00a0\u00bb\/afias-covid-19-solutions\/\u00a0\u00bb button_url_new_window=\u00a0\u00bb1&Prime; _builder_version=\u00a0\u00bb4.10.5&Prime; _module_preset=\u00a0\u00bbdefault\u00a0\u00bb header_level=\u00a0\u00bbh3&Prime; header_font=\u00a0\u00bb|300|||||||\u00a0\u00bb header_text_align=\u00a0\u00bbcenter\u00a0\u00bb header_font_size=\u00a0\u00bb36px\u00a0\u00bb button_alignment=\u00a0\u00bbcenter\u00a0\u00bb link_option_url=\u00a0\u00bb\/afias-covid-19-solutions\/\u00a0\u00bb global_colors_info=\u00a0\u00bb{}\u00a0\u00bb][\/dsm_card][dsm_card title=\u00a0\u00bbSolutions COVID-19 LumiraDx\u00a0\u00bb image=\u00a0\u00bbhttps:\/\/www.avant-medical.com\/wp-content\/uploads\/LumiraDx-product-photo.png\u00a0\u00bb image_as_background=\u00a0\u00bboff\u00a0\u00bb image_width=\u00a0\u00bb200px\u00a0\u00bb image_alignment=\u00a0\u00bbcenter\u00a0\u00bb button_text=\u00a0\u00bbproduits\u00a0\u00bb button_url=\u00a0\u00bb\/lumiradx-covid-19-solutions\/\u00a0\u00bb button_url_new_window=\u00a0\u00bb1&Prime; disabled_on=\u00a0\u00bbon|on|on\u00a0\u00bb _builder_version=\u00a0\u00bb4.10.2&Prime; _module_preset=\u00a0\u00bbdefault\u00a0\u00bb header_level=\u00a0\u00bbh3&Prime; header_font=\u00a0\u00bb|300|||||||\u00a0\u00bb header_text_align=\u00a0\u00bbcenter\u00a0\u00bb header_font_size=\u00a0\u00bb36px\u00a0\u00bb button_alignment=\u00a0\u00bbcenter\u00a0\u00bb link_option_url=\u00a0\u00bb\/lumiradx-covid-19-solutions\/\u00a0\u00bb disabled=\u00a0\u00bbon\u00a0\u00bb saved_tabs=\u00a0\u00bball\u00a0\u00bb global_colors_info=\u00a0\u00bb{}\u00a0\u00bb][\/dsm_card][\/et_pb_column][et_pb_column type=\u00a0\u00bb1_2&Prime; _builder_version=\u00a0\u00bb4.9.4&Prime; _module_preset=\u00a0\u00bbdefault\u00a0\u00bb global_colors_info=\u00a0\u00bb{}\u00a0\u00bb][\/et_pb_column][\/et_pb_row][\/et_pb_section][et_pb_section fb_built=\u00a0\u00bb1&Prime; _builder_version=\u00a0\u00bb4.9.4&Prime; _module_preset=\u00a0\u00bbdefault\u00a0\u00bb custom_padding=\u00a0\u00bb0px|||||\u00a0\u00bb global_module=\u00a0\u00bb238477&Prime; saved_tabs=\u00a0\u00bball\u00a0\u00bb global_colors_info=\u00a0\u00bb{}\u00a0\u00bb][et_pb_row column_structure=\u00a0\u00bb3_5,2_5&Prime; make_equal=\u00a0\u00bbon\u00a0\u00bb _builder_version=\u00a0\u00bb4.9.10&Prime; _module_preset=\u00a0\u00bbdefault\u00a0\u00bb custom_padding=\u00a0\u00bb||||false|false\u00a0\u00bb custom_css_main_element=\u00a0\u00bbalign-items:center;\u00a0\u00bb global_colors_info=\u00a0\u00bb{}\u00a0\u00bb][et_pb_column type=\u00a0\u00bb3_5&Prime; _builder_version=\u00a0\u00bb4.9.4&Prime; _module_preset=\u00a0\u00bbdefault\u00a0\u00bb global_colors_info=\u00a0\u00bb{}\u00a0\u00bb][et_pb_text _builder_version=\u00a0\u00bb4.9.4&Prime; _module_preset=\u00a0\u00bbdefault\u00a0\u00bb global_colors_info=\u00a0\u00bb{}\u00a0\u00bb]<\/p>\n<h3>Marques avec lesquelles nous travaillons<\/h3>\n<p>Pour une qualit\u00e9 optimale, nous collaborons avec les meilleurs acteurs du secteur, qui mettent en \u0153uvre des innovations intelligentes dans des \u00e9quipements fiables et de haute qualit\u00e9.[\/et_pb_text][\/et_pb_column][et_pb_column type=\u00a0\u00bb2_5&Prime; _builder_version=\u00a0\u00bb4.9.4&Prime; _module_preset=\u00a0\u00bbdefault\u00a0\u00bb background_enable_image=\u00a0\u00bboff\u00a0\u00bb background_size=\u00a0\u00bbcontain\u00a0\u00bb custom_padding=\u00a0\u00bb75px|12%|50px|12%|false|true\u00a0\u00bb global_colors_info=\u00a0\u00bb{}\u00a0\u00bb][et_pb_image src=\u00a0\u00bbhttps:\/\/www.avant-medical.com\/wp-content\/uploads\/blurb-yellow-left-top.svg\u00a0\u00bb title_text=\u00a0\u00bbblurb-yellow-left-top\u00a0\u00bb module_class=\u00a0\u00bbo-cioon\u00a0\u00bb _builder_version=\u00a0\u00bb4.9.10&Prime; _module_preset=\u00a0\u00bbceb21bd3-b870-4065-9fa9-f7a00d94456a\u00a0\u00bb global_colors_info=\u00a0\u00bb{}\u00a0\u00bb][\/et_pb_image][\/et_pb_column][\/et_pb_row][et_pb_row _builder_version=\u00a0\u00bb4.9.4&Prime; _module_preset=\u00a0\u00bbdefault\u00a0\u00bb global_colors_info=\u00a0\u00bb{}\u00a0\u00bb][et_pb_column type=\u00a0\u00bb4_4&Prime; _builder_version=\u00a0\u00bb4.9.4&Prime; _module_preset=\u00a0\u00bbdefault\u00a0\u00bb global_colors_info=\u00a0\u00bb{}\u00a0\u00bb][dsm_masonry_gallery gallery_ids=\u00a0\u00bb239478,239480,239482,239484,239550,239552,239556&Prime; columns=\u00a0\u00bb4&Prime; gutter=\u00a0\u00bb0&Prime; _builder_version=\u00a0\u00bb4.10.5&Prime; _module_preset=\u00a0\u00bbdefault\u00a0\u00bb global_colors_info=\u00a0\u00bb{}\u00a0\u00bb][\/dsm_masonry_gallery][\/et_pb_column][\/et_pb_row][\/et_pb_section]<\/p>\n","protected":false},"excerpt":{"rendered":"<p>Solutions COVID-19 Le Sars-Cov-2 (COVID-19) ou Coronavirus 2019-nCOV, provoque, entre autres, de graves pneumonies, de sorte que la pr\u00e9vention et le contr\u00f4le de cette infection sont devenus une priorit\u00e9 absolue.Solutions de test Boditech AFIAS pour COVID-19Avant Medical dispose d\u2019un portefeuille innovant pour fournir aux Pays-Bas, \u00e0 la Belgique et au Luxembourg des solutions de test pr\u00e9cises pour le d\u00e9pistage de l\u2019antig\u00e8ne et des anticorps du COVID-19. Les analyseurs Boditech AFIAS nous permettent d\u2019offrir des solutions optimales pour un diagnostic rapide sur site avec une tr\u00e8s grande pr\u00e9cision.<div class=\"et_pb_module dsm_card dsm_card_0 et_clickable et_pb_bg_layout_light  dsm_card_layout_inline\">\n\t\t\t\t\n\t\t\t\t\n\t\t\t\t\n\t\t\t\t\n\t\t\t\t\n\t\t\t\t\n\t\t\t\t<div class=\"et_pb_module_inner\">\n\t\t\t\t\t\n\t\t\t\n\t\t\t<figure class=\"dsm_card_image_wrapper dsm_card_badge_top_right\"><img decoding=\"async\" src=\"https:\/\/www.avant-medical.com\/wp-content\/uploads\/AFIAS-1-product-photo.png\" alt=\"\" srcset=\"https:\/\/www.avant-medical.com\/wp-content\/uploads\/AFIAS-1-product-photo.png 630w, https:\/\/www.avant-medical.com\/wp-content\/uploads\/AFIAS-1-product-photo-480x510.png 480w\" sizes=\"(min-width: 0px) and (max-width: 480px) 480px, (min-width: 481px) 630px, 100vw\" class=\"dsm_card_img dsm_card_image_stretch\" \/><\/figure>\n\t\t\t<div class=\"et_pb_module dsm_card_wrapper et_pb_text_align_left\">\n\t\t\t\t\t\n\t\t\t\t\t<h3 class=\"dsm_card_title et_pb_module_header\">Solutions COVID-19 AFIAS<\/h3>\n\t\t\t\t\t\n\t\t\t\t\t\n\t\t\t\t\t<div class=\"et_pb_button_wrapper\"><a class=\"et_pb_button et_pb_more_button \" href=\"\/afias-covid-19-solutions\/\">produits<\/a><\/div>\n\t\t\t\t<\/div>\n\t\t\t\n\t\t\t\t<\/div>\n\t\t\t<\/div>Marques avec lesquelles nous travaillons Pour une qualit\u00e9 optimale, nous collaborons avec les meilleurs acteurs du secteur, qui mettent en \u0153uvre des innovations intelligentes dans des \u00e9quipements fiables et de haute qualit\u00e9.<div class=\"et_pb_module dsm_masonry_gallery dsm_masonry_gallery_0\">\n\t\t\t\t\n\t\t\t\t\n\t\t\t\t\n\t\t\t\t\n\t\t\t\t\n\t\t\t\t\n\t\t\t\t<div class=\"et_pb_module_inner\">\n\t\t\t\t\t<div class=\"dsm-gallery grid\" data-lightbox=\"false\" data-horizontalorder=\"true\">\n                <div class=\"grid-sizer\"><\/div><div class=\"gutter-sizer\"><\/div><div class=\"grid-item\">\n                    <div class=\"et_pb_image_wrap\">\n                        <img loading=\"lazy\" decoding=\"async\" src=\"https:\/\/www.avant-medical.com\/wp-content\/uploads\/accuVein-logo.jpg\" title=\"accuVein-logo\" alt=\"\" class=\"dsm-skip-lazyload\" srcset=\"https:\/\/www.avant-medical.com\/wp-content\/uploads\/accuVein-logo.jpg 600w, https:\/\/www.avant-medical.com\/wp-content\/uploads\/accuVein-logo-480x160.jpg 480w\" sizes=\"(min-width: 0px) and (max-width: 480px) 480px, (min-width: 481px) 600px, 100vw\" width=\"600\" height=\"200\" \/>\n                        \n                    <\/div>\n                <\/div><div class=\"grid-item\">\n                    <div class=\"et_pb_image_wrap\">\n                        <img loading=\"lazy\" decoding=\"async\" src=\"https:\/\/www.avant-medical.com\/wp-content\/uploads\/Boditech.jpg\" title=\"Boditech\" alt=\"\" class=\"dsm-skip-lazyload\" srcset=\"https:\/\/www.avant-medical.com\/wp-content\/uploads\/Boditech.jpg 600w, https:\/\/www.avant-medical.com\/wp-content\/uploads\/Boditech-480x160.jpg 480w\" sizes=\"(min-width: 0px) and (max-width: 480px) 480px, (min-width: 481px) 600px, 100vw\" width=\"600\" height=\"200\" \/>\n                        \n                    <\/div>\n                <\/div><div class=\"grid-item\">\n                    <div class=\"et_pb_image_wrap\">\n                        <img loading=\"lazy\" decoding=\"async\" src=\"https:\/\/www.avant-medical.com\/wp-content\/uploads\/chrono-log.jpg\" title=\"chrono-log\" alt=\"\" class=\"dsm-skip-lazyload\" srcset=\"https:\/\/www.avant-medical.com\/wp-content\/uploads\/chrono-log.jpg 600w, https:\/\/www.avant-medical.com\/wp-content\/uploads\/chrono-log-480x160.jpg 480w\" sizes=\"(min-width: 0px) and (max-width: 480px) 480px, (min-width: 481px) 600px, 100vw\" width=\"600\" height=\"200\" \/>\n                        \n                    <\/div>\n                <\/div><div class=\"grid-item\">\n                    <div class=\"et_pb_image_wrap\">\n                        <img loading=\"lazy\" decoding=\"async\" src=\"https:\/\/www.avant-medical.com\/wp-content\/uploads\/EKF.jpg\" title=\"EKF\" alt=\"\" class=\"dsm-skip-lazyload\" srcset=\"https:\/\/www.avant-medical.com\/wp-content\/uploads\/EKF.jpg 600w, https:\/\/www.avant-medical.com\/wp-content\/uploads\/EKF-480x160.jpg 480w\" sizes=\"(min-width: 0px) and (max-width: 480px) 480px, (min-width: 481px) 600px, 100vw\" width=\"600\" height=\"200\" \/>\n                        \n                    <\/div>\n                <\/div><div class=\"grid-item\">\n                    <div class=\"et_pb_image_wrap\">\n                        <img loading=\"lazy\" decoding=\"async\" src=\"https:\/\/www.avant-medical.com\/wp-content\/uploads\/Greatbatch.jpg\" title=\"Greatbatch\" alt=\"\" class=\"dsm-skip-lazyload\" srcset=\"https:\/\/www.avant-medical.com\/wp-content\/uploads\/Greatbatch.jpg 600w, https:\/\/www.avant-medical.com\/wp-content\/uploads\/Greatbatch-480x160.jpg 480w\" sizes=\"(min-width: 0px) and (max-width: 480px) 480px, (min-width: 481px) 600px, 100vw\" width=\"600\" height=\"200\" \/>\n                        \n                    <\/div>\n                <\/div><div class=\"grid-item\">\n                    <div class=\"et_pb_image_wrap\">\n                        <img loading=\"lazy\" decoding=\"async\" src=\"https:\/\/www.avant-medical.com\/wp-content\/uploads\/Skyla.jpg\" title=\"Skyla\" alt=\"\" class=\"dsm-skip-lazyload\" srcset=\"https:\/\/www.avant-medical.com\/wp-content\/uploads\/Skyla.jpg 600w, https:\/\/www.avant-medical.com\/wp-content\/uploads\/Skyla-480x160.jpg 480w\" sizes=\"(min-width: 0px) and (max-width: 480px) 480px, (min-width: 481px) 600px, 100vw\" width=\"600\" height=\"200\" \/>\n                        \n                    <\/div>\n                <\/div><div class=\"grid-item\">\n                    <div class=\"et_pb_image_wrap\">\n                        <img loading=\"lazy\" decoding=\"async\" src=\"https:\/\/www.avant-medical.com\/wp-content\/uploads\/trinity-biotech-logo.jpg\" title=\"trinity-biotech-logo\" alt=\"\" class=\"dsm-skip-lazyload\" srcset=\"https:\/\/www.avant-medical.com\/wp-content\/uploads\/trinity-biotech-logo.jpg 600w, https:\/\/www.avant-medical.com\/wp-content\/uploads\/trinity-biotech-logo-480x160.jpg 480w\" sizes=\"(min-width: 0px) and (max-width: 480px) 480px, (min-width: 481px) 600px, 100vw\" width=\"600\" height=\"200\" \/>\n                        \n                    <\/div>\n                <\/div>\n             <\/div>\n\t\t\t\t<\/div>\n\t\t\t<\/div><\/p>\n","protected":false},"author":7,"featured_media":0,"parent":0,"menu_order":0,"comment_status":"closed","ping_status":"closed","template":"","meta":{"_acf_changed":false,"_et_pb_use_builder":"on","_et_pb_old_content":"","_et_gb_content_width":"","footnotes":""},"categories":[],"tags":[],"class_list":["post-240801","page","type-page","status-publish","hentry"],"acf":[],"_links":{"self":[{"href":"https:\/\/www.avant-medical.com\/fr\/wp-json\/wp\/v2\/pages\/240801","targetHints":{"allow":["GET"]}}],"collection":[{"href":"https:\/\/www.avant-medical.com\/fr\/wp-json\/wp\/v2\/pages"}],"about":[{"href":"https:\/\/www.avant-medical.com\/fr\/wp-json\/wp\/v2\/types\/page"}],"author":[{"embeddable":true,"href":"https:\/\/www.avant-medical.com\/fr\/wp-json\/wp\/v2\/users\/7"}],"replies":[{"embeddable":true,"href":"https:\/\/www.avant-medical.com\/fr\/wp-json\/wp\/v2\/comments?post=240801"}],"version-history":[{"count":0,"href":"https:\/\/www.avant-medical.com\/fr\/wp-json\/wp\/v2\/pages\/240801\/revisions"}],"wp:attachment":[{"href":"https:\/\/www.avant-medical.com\/fr\/wp-json\/wp\/v2\/media?parent=240801"}],"wp:term":[{"taxonomy":"category","embeddable":true,"href":"https:\/\/www.avant-medical.com\/fr\/wp-json\/wp\/v2\/categories?post=240801"},{"taxonomy":"post_tag","embeddable":true,"href":"https:\/\/www.avant-medical.com\/fr\/wp-json\/wp\/v2\/tags?post=240801"}],"curies":[{"name":"wp","href":"https:\/\/api.w.org\/{rel}","templated":true}]}}