{"id":240832,"date":"2022-02-17T21:44:32","date_gmt":"2022-02-17T20:44:32","guid":{"rendered":"https:\/\/www.avant-medical.com\/a-propos-de-nous\/"},"modified":"2022-02-17T21:44:38","modified_gmt":"2022-02-17T20:44:38","slug":"a-propos-de-nous","status":"publish","type":"page","link":"https:\/\/www.avant-medical.com\/fr\/a-propos-de-nous\/","title":{"rendered":"\u00c0 propos de nous"},"content":{"rendered":"<p>[et_pb_section fb_built=\u00a0\u00bb1&Prime; custom_padding_last_edited=\u00a0\u00bboff|phone\u00a0\u00bb _builder_version=\u00a0\u00bb4.9.4&Prime; _module_preset=\u00a0\u00bb4fcb4a45-cb6b-4b9e-9b31-b2640bc85fb8&Prime; background_enable_image=\u00a0\u00bboff\u00a0\u00bb custom_margin=\u00a0\u00bb||||false|false\u00a0\u00bb locked=\u00a0\u00bboff\u00a0\u00bb global_colors_info=\u00a0\u00bb{}\u00a0\u00bb][et_pb_row column_structure=\u00a0\u00bb3_5,2_5&Prime; use_custom_gutter=\u00a0\u00bbon\u00a0\u00bb gutter_width=\u00a0\u00bb2&Prime; make_equal=\u00a0\u00bbon\u00a0\u00bb _builder_version=\u00a0\u00bb4.9.4&Prime; _module_preset=\u00a0\u00bbdefault\u00a0\u00bb custom_padding=\u00a0\u00bb0px||60px||false|false\u00a0\u00bb custom_css_main_element=\u00a0\u00bbalign-items:center;\u00a0\u00bb global_colors_info=\u00a0\u00bb{}\u00a0\u00bb][et_pb_column type=\u00a0\u00bb3_5&Prime; _builder_version=\u00a0\u00bb4.9.4&Prime; _module_preset=\u00a0\u00bbdefault\u00a0\u00bb global_colors_info=\u00a0\u00bb{}\u00a0\u00bb][et_pb_text _builder_version=\u00a0\u00bb4.9.4&Prime; _module_preset=\u00a0\u00bb29d40321-2d3e-4f1d-b778-676ebef638fe\u00a0\u00bb global_colors_info=\u00a0\u00bb{}\u00a0\u00bb]<\/p>\n<h1>\u00c0 propos de nous<\/h1>\n<p>Avant Medical conseille les professionnels de sant\u00e9 de laboratoire et les aide \u00e0 s\u00e9lectionner les produits les plus performants de leur cat\u00e9gorie. Ensemble, nous apportons ainsi une contribution importante \u00e0 l\u2019am\u00e9lioration des diagnostics et des soins prodigu\u00e9s aux patients. Ensemble, nous apportons ainsi une contribution importante \u00e0 l\u2019am\u00e9lioration des diagnostics et des soins prodigu\u00e9s aux patients. Notre \u00e9quipe est constitu\u00e9e de professionnels exp\u00e9riment\u00e9s dans leurs domaines respectifs.<\/p>\n<p>[\/et_pb_text][\/et_pb_column][et_pb_column type=\u00a0\u00bb2_5&Prime; _builder_version=\u00a0\u00bb4.9.4&Prime; _module_preset=\u00a0\u00bbdefault\u00a0\u00bb global_colors_info=\u00a0\u00bb{}\u00a0\u00bb][et_pb_image src=\u00a0\u00bbhttps:\/\/www.avant-medical.com\/wp-content\/uploads\/Smart-lab-solutions-avant-medical.png\u00a0\u00bb title_text=\u00a0\u00bbSmart-lab-solutions-avant-medical\u00a0\u00bb align=\u00a0\u00bbcenter\u00a0\u00bb _builder_version=\u00a0\u00bb4.9.4&Prime; _module_preset=\u00a0\u00bbdefault\u00a0\u00bb z_index=\u00a0\u00bb5&Prime; max_width=\u00a0\u00bb500px\u00a0\u00bb global_colors_info=\u00a0\u00bb{}\u00a0\u00bb][\/et_pb_image][\/et_pb_column][\/et_pb_row][et_pb_row _builder_version=\u00a0\u00bb4.9.4&Prime; _module_preset=\u00a0\u00bbdefault\u00a0\u00bb locked=\u00a0\u00bboff\u00a0\u00bb global_colors_info=\u00a0\u00bb{}\u00a0\u00bb][et_pb_column type=\u00a0\u00bb4_4&Prime; _builder_version=\u00a0\u00bb4.9.4&Prime; _module_preset=\u00a0\u00bbdefault\u00a0\u00bb global_colors_info=\u00a0\u00bb{}\u00a0\u00bb][et_pb_text _builder_version=\u00a0\u00bb4.9.4&Prime; _module_preset=\u00a0\u00bb6839cd8e-43f4-421f-b986-1d46613d0793&Prime; global_colors_info=\u00a0\u00bb{}\u00a0\u00bb]<\/p>\n<p>\u00ab\u00a0Notre objectif est de fournir \u00e0 nos clients des solutions abordables et de premier ordre pour vous aider \u00e0 am\u00e9liorer continuellement vos services aux patients.\u00a0\u00bb<\/p>\n<p>[\/et_pb_text][\/et_pb_column][\/et_pb_row][\/et_pb_section][et_pb_section fb_built=\u00a0\u00bb1&Prime; _builder_version=\u00a0\u00bb4.9.4&Prime; _module_preset=\u00a0\u00bb4fcb4a45-cb6b-4b9e-9b31-b2640bc85fb8&Prime; background_size=\u00a0\u00bbcontain\u00a0\u00bb background_position=\u00a0\u00bbcenter_left\u00a0\u00bb custom_padding=\u00a0\u00bb0px||0px||false|false\u00a0\u00bb locked=\u00a0\u00bboff\u00a0\u00bb global_colors_info=\u00a0\u00bb{}\u00a0\u00bb][et_pb_row column_structure=\u00a0\u00bb1_2,1_2&Prime; make_equal=\u00a0\u00bbon\u00a0\u00bb _builder_version=\u00a0\u00bb4.9.4&Prime; _module_preset=\u00a0\u00bbdefault\u00a0\u00bb custom_padding=\u00a0\u00bb0px||0px|||\u00a0\u00bb custom_css_main_element=\u00a0\u00bbalign-items:center;\u00a0\u00bb global_colors_info=\u00a0\u00bb{}\u00a0\u00bb][et_pb_column type=\u00a0\u00bb1_2&Prime; _builder_version=\u00a0\u00bb4.9.4&Prime; _module_preset=\u00a0\u00bbdefault\u00a0\u00bb global_colors_info=\u00a0\u00bb{}\u00a0\u00bb][et_pb_text _builder_version=\u00a0\u00bb4.9.7&Prime; _module_preset=\u00a0\u00bb_initial\u00a0\u00bb header_2_font_size_tablet=\u00a0\u00bb36px\u00a0\u00bb header_2_font_size_phone=\u00a0\u00bb32px\u00a0\u00bb header_2_font_size_last_edited=\u00a0\u00bbon|phone\u00a0\u00bb global_colors_info=\u00a0\u00bb{}\u00a0\u00bb]<\/p>\n<h2>Produits de qualit\u00e9<\/h2>\n<p>Nos produits sont issus de marques renomm\u00e9es et sont test\u00e9s pour garantir une qualit\u00e9 optimale et les meilleurs soins pour vos patients.<\/p>\n<p>[\/et_pb_text][\/et_pb_column][et_pb_column type=\u00a0\u00bb1_2&Prime; _builder_version=\u00a0\u00bb4.9.4&Prime; _module_preset=\u00a0\u00bbdefault\u00a0\u00bb global_colors_info=\u00a0\u00bb{}\u00a0\u00bb][et_pb_image src=\u00a0\u00bbhttps:\/\/www.avant-medical.com\/wp-content\/uploads\/kwaliteitsproducten-avant-medical.png\u00a0\u00bb title_text=\u00a0\u00bbkwaliteitsproducten-avant-medical\u00a0\u00bb align=\u00a0\u00bbcenter\u00a0\u00bb _builder_version=\u00a0\u00bb4.9.7&Prime; _module_preset=\u00a0\u00bbdefault\u00a0\u00bb max_width=\u00a0\u00bb450px\u00a0\u00bb global_colors_info=\u00a0\u00bb{}\u00a0\u00bb][\/et_pb_image][\/et_pb_column][\/et_pb_row][et_pb_row column_structure=\u00a0\u00bb1_2,1_2&Prime; make_equal=\u00a0\u00bbon\u00a0\u00bb module_class=\u00a0\u00bbcustom-row\u00a0\u00bb _builder_version=\u00a0\u00bb4.9.7&Prime; _module_preset=\u00a0\u00bbdefault\u00a0\u00bb custom_padding=\u00a0\u00bb0px|||||\u00a0\u00bb custom_css_main_element=\u00a0\u00bbalign-items:center;\u00a0\u00bb global_colors_info=\u00a0\u00bb{}\u00a0\u00bb][et_pb_column type=\u00a0\u00bb1_2&Prime; module_class=\u00a0\u00bbsecond-on-mobile\u00a0\u00bb _builder_version=\u00a0\u00bb4.9.7&Prime; _module_preset=\u00a0\u00bbdefault\u00a0\u00bb global_colors_info=\u00a0\u00bb{}\u00a0\u00bb][et_pb_image src=\u00a0\u00bbhttps:\/\/www.avant-medical.com\/wp-content\/uploads\/blurb-yellow-left-top.svg\u00a0\u00bb title_text=\u00a0\u00bbblurb-yellow-left-top\u00a0\u00bb _builder_version=\u00a0\u00bb4.9.7&Prime; _module_preset=\u00a0\u00bbdefault\u00a0\u00bb max_width=\u00a0\u00bb450px\u00a0\u00bb global_colors_info=\u00a0\u00bb{}\u00a0\u00bb disabled_on=\u00a0\u00bbon|off|off\u00a0\u00bb][\/et_pb_image][\/et_pb_column][et_pb_column type=\u00a0\u00bb1_2&Prime; module_class=\u00a0\u00bbfirst-on-mobile\u00a0\u00bb _builder_version=\u00a0\u00bb4.9.7&Prime; _module_preset=\u00a0\u00bbdefault\u00a0\u00bb global_colors_info=\u00a0\u00bb{}\u00a0\u00bb][et_pb_text _builder_version=\u00a0\u00bb4.9.7&Prime; _module_preset=\u00a0\u00bb_initial\u00a0\u00bb global_colors_info=\u00a0\u00bb{}\u00a0\u00bb]<\/p>\n<h2>Service \u00e0 la client\u00e8le<\/h2>\n<p>Nous faisons plus que vendre des produits. Nous fournissons un service qui s\u2019\u00e9tend de la recherche du produit \u00e0 son installation.<\/p>\n<p>[\/et_pb_text][\/et_pb_column][\/et_pb_row][et_pb_row column_structure=\u00a0\u00bb1_2,1_2&Prime; make_equal=\u00a0\u00bbon\u00a0\u00bb _builder_version=\u00a0\u00bb4.9.4&Prime; _module_preset=\u00a0\u00bbdefault\u00a0\u00bb custom_padding=\u00a0\u00bb0px|||||\u00a0\u00bb custom_css_main_element=\u00a0\u00bbalign-items:center;\u00a0\u00bb global_colors_info=\u00a0\u00bb{}\u00a0\u00bb][et_pb_column type=\u00a0\u00bb1_2&Prime; _builder_version=\u00a0\u00bb4.9.4&Prime; _module_preset=\u00a0\u00bbdefault\u00a0\u00bb global_colors_info=\u00a0\u00bb{}\u00a0\u00bb][et_pb_text _builder_version=\u00a0\u00bb4.9.7&Prime; _module_preset=\u00a0\u00bb_initial\u00a0\u00bb global_colors_info=\u00a0\u00bb{}\u00a0\u00bb]<\/p>\n<h2>Innovation continue<\/h2>\n<p>Nous pensons qu\u2019il est important de rechercher en permanence de nouveaux produits pour vous fournir, \u00e0 vous et \u00e0 vos patients, les meilleurs soins.<\/p>\n<p>[\/et_pb_text][\/et_pb_column][et_pb_column type=\u00a0\u00bb1_2&Prime; _builder_version=\u00a0\u00bb4.9.4&Prime; _module_preset=\u00a0\u00bbdefault\u00a0\u00bb global_colors_info=\u00a0\u00bb{}\u00a0\u00bb][et_pb_image src=\u00a0\u00bbhttps:\/\/www.avant-medical.com\/wp-content\/uploads\/blurb-yellow-right-top.svg\u00a0\u00bb title_text=\u00a0\u00bbblurb-yellow-right-top\u00a0\u00bb _builder_version=\u00a0\u00bb4.9.7&Prime; _module_preset=\u00a0\u00bbdefault\u00a0\u00bb max_width=\u00a0\u00bb450px\u00a0\u00bb global_colors_info=\u00a0\u00bb{}\u00a0\u00bb disabled_on=\u00a0\u00bbon|off|off\u00a0\u00bb][\/et_pb_image][\/et_pb_column][\/et_pb_row][\/et_pb_section][et_pb_section fb_built=\u00a0\u00bb1&Prime; _builder_version=\u00a0\u00bb4.9.4&Prime; _module_preset=\u00a0\u00bbdefault\u00a0\u00bb global_colors_info=\u00a0\u00bb{}\u00a0\u00bb][et_pb_row _builder_version=\u00a0\u00bb4.9.4&Prime; _module_preset=\u00a0\u00bbdefault\u00a0\u00bb global_colors_info=\u00a0\u00bb{}\u00a0\u00bb][et_pb_column type=\u00a0\u00bb4_4&Prime; _builder_version=\u00a0\u00bb4.9.4&Prime; _module_preset=\u00a0\u00bbdefault\u00a0\u00bb global_colors_info=\u00a0\u00bb{}\u00a0\u00bb][et_pb_text _builder_version=\u00a0\u00bb4.9.7&Prime; _module_preset=\u00a0\u00bb8ef7356e-72ba-4f68-bb01-83532d1270dd\u00a0\u00bb global_colors_info=\u00a0\u00bb{}\u00a0\u00bb]<\/p>\n<h2>Nos atouts<\/h2>\n<p>[\/et_pb_text][\/et_pb_column][\/et_pb_row][et_pb_row column_structure=\u00a0\u00bb1_3,1_3,1_3&Prime; _builder_version=\u00a0\u00bb4.9.4&Prime; _module_preset=\u00a0\u00bbdefault\u00a0\u00bb locked=\u00a0\u00bboff\u00a0\u00bb global_colors_info=\u00a0\u00bb{}\u00a0\u00bb][et_pb_column type=\u00a0\u00bb1_3&Prime; _builder_version=\u00a0\u00bb4.9.4&Prime; _module_preset=\u00a0\u00bbdefault\u00a0\u00bb global_colors_info=\u00a0\u00bb{}\u00a0\u00bb][et_pb_blurb title=\u00a0\u00bbExpertise reconnue.\u00a0\u00bb image=\u00a0\u00bbhttps:\/\/www.avant-medical.com\/wp-content\/uploads\/blurb-yellow-left-bottom.svg\u00a0\u00bb _builder_version=\u00a0\u00bb4.9.4&Prime; _module_preset=\u00a0\u00bb35739ae2-d0b1-4282-9256-a7fab1b35013&Prime; global_colors_info=\u00a0\u00bb{}\u00a0\u00bb]<\/p>\n<p>Nous nous appuyons sur des professionnels exp\u00e9riment\u00e9s.<\/p>\n<p>[\/et_pb_blurb][\/et_pb_column][et_pb_column type=\u00a0\u00bb1_3&Prime; _builder_version=\u00a0\u00bb4.9.4&Prime; _module_preset=\u00a0\u00bbdefault\u00a0\u00bb global_colors_info=\u00a0\u00bb{}\u00a0\u00bb][et_pb_blurb title=\u00a0\u00bbCollaboration forte.\u00a0\u00bb image=\u00a0\u00bbhttps:\/\/www.avant-medical.com\/wp-content\/uploads\/blurb-yellow-left-bottom.svg\u00a0\u00bb _builder_version=\u00a0\u00bb4.9.4&Prime; _module_preset=\u00a0\u00bb35739ae2-d0b1-4282-9256-a7fab1b35013&Prime; global_colors_info=\u00a0\u00bb{}\u00a0\u00bb]<\/p>\n<p>Ensemble, nous contribuons \u00e0 l\u2019am\u00e9lioration continue des soins.<\/p>\n<p>[\/et_pb_blurb][\/et_pb_column][et_pb_column type=\u00a0\u00bb1_3&Prime; _builder_version=\u00a0\u00bb4.9.4&Prime; _module_preset=\u00a0\u00bbdefault\u00a0\u00bb global_colors_info=\u00a0\u00bb{}\u00a0\u00bb][et_pb_blurb title=\u00a0\u00bbPromesses tenues.\u00a0\u00bb image=\u00a0\u00bbhttps:\/\/www.avant-medical.com\/wp-content\/uploads\/blurb-yellow-left-bottom.svg\u00a0\u00bb _builder_version=\u00a0\u00bb4.9.4&Prime; _module_preset=\u00a0\u00bb35739ae2-d0b1-4282-9256-a7fab1b35013&Prime; global_colors_info=\u00a0\u00bb{}\u00a0\u00bb]<\/p>\n<p>Qualit\u00e9 sup\u00e9rieure, intelligence et fiabilit\u00e9.Qualit\u00e9 sup\u00e9rieure, intelligence et fiabilit\u00e9.<\/p>\n<p>[\/et_pb_blurb][\/et_pb_column][\/et_pb_row][\/et_pb_section][et_pb_section fb_built=\u00a0\u00bb1&Prime; _builder_version=\u00a0\u00bb4.9.4&Prime; _module_preset=\u00a0\u00bbdefault\u00a0\u00bb background_image=\u00a0\u00bbhttps:\/\/www.avant-medical.com\/wp-content\/uploads\/career-in-medical-research.jpg\u00a0\u00bb background_position=\u00a0\u00bbcenter_left\u00a0\u00bb custom_padding=\u00a0\u00bb||||false|false\u00a0\u00bb box_shadow_style=\u00a0\u00bbpreset3&Prime; box_shadow_color=\u00a0\u00bbrgba(0,0,0,0.1)\u00a0\u00bb box_shadow_position=\u00a0\u00bbinner\u00a0\u00bb global_module=\u00a0\u00bb237740&Prime; saved_tabs=\u00a0\u00bball\u00a0\u00bb locked=\u00a0\u00bboff\u00a0\u00bb global_colors_info=\u00a0\u00bb{}\u00a0\u00bb][et_pb_row column_structure=\u00a0\u00bb1_2,1_2&Prime; _builder_version=\u00a0\u00bb4.9.4&Prime; _module_preset=\u00a0\u00bbdefault\u00a0\u00bb custom_margin=\u00a0\u00bb||0px||false|false\u00a0\u00bb custom_padding=\u00a0\u00bb0px||0px||false|false\u00a0\u00bb global_colors_info=\u00a0\u00bb{}\u00a0\u00bb][et_pb_column type=\u00a0\u00bb1_2&Prime; _builder_version=\u00a0\u00bb4.9.4&Prime; _module_preset=\u00a0\u00bbdefault\u00a0\u00bb global_colors_info=\u00a0\u00bb{}\u00a0\u00bb][\/et_pb_column][et_pb_column type=\u00a0\u00bb1_2&Prime; _builder_version=\u00a0\u00bb4.9.4&Prime; _module_preset=\u00a0\u00bbdefault\u00a0\u00bb background_enable_image=\u00a0\u00bboff\u00a0\u00bb background_size=\u00a0\u00bbcontain\u00a0\u00bb global_colors_info=\u00a0\u00bb{}\u00a0\u00bb][et_pb_image src=\u00a0\u00bbhttps:\/\/www.avant-medical.com\/wp-content\/uploads\/blurb-white-left-bottom.svg\u00a0\u00bb title_text=\u00a0\u00bbblurb-white-left-bottom\u00a0\u00bb align=\u00a0\u00bbcenter\u00a0\u00bb _builder_version=\u00a0\u00bb4.9.7&Prime; _module_preset=\u00a0\u00bbdefault\u00a0\u00bb width=\u00a0\u00bb500px\u00a0\u00bb width_tablet=\u00a0\u00bb300px\u00a0\u00bb width_phone=\u00a0\u00bb300px\u00a0\u00bb width_last_edited=\u00a0\u00bbon|tablet\u00a0\u00bb custom_css_before=\u00a0\u00bbcontent: %22\u201cJuist nu moeten producten waarmee laboratoria werken slimmer, betrouwbaar, maar ook betaalbaar zijn.%22;||    line-height: 1.3em;||    z-index: 9999;||    position: absolute;||    top: 45%;||    width: 60%;||    transform: translate(-50%,-50%);||    -ms-transform: translate(-50%,-50%);||    color: #222c53;||    padding: 12px 15px;||    font-size: 24px;||    transition: all .5s ease;||    text-align: left;||  font-style: italic;||\u00a0\u00bb global_colors_info=\u00a0\u00bb{}\u00a0\u00bb custom_css_before_last_edited=\u00a0\u00bbon|phone\u00a0\u00bb custom_css_before_phone=\u00a0\u00bbwidth: 65%;||font-size: 16px;||content: %22\u201cJuist nu moeten producten waarmee laboratoria werken slimmer, betrouwbaar, maar ook betaalbaar zijn.%22;||    line-height: 1.3em;||    z-index: 9999;||    position: absolute;||    top: 45%;||    transform: translate(-50%,-50%);||    -ms-transform: translate(-50%,-50%);||    color: #222c53;||    padding: 12px 15px;||    transition: all .5s ease;||    text-align: left;||  font-style: italic;\u00a0\u00bb width__hover_enabled=\u00a0\u00bboff|desktop\u00a0\u00bb custom_css_before_tablet=\u00a0\u00bbcontent: %22\u201cJuist nu moeten producten waarmee laboratoria werken slimmer, betrouwbaar, maar ook betaalbaar zijn.%22;||    line-height: 1.3em;||    z-index: 9999;||    position: absolute;||    top: 45%;||    width: 60%;||    transform: translate(-50%,-50%);||    -ms-transform: translate(-50%,-50%);||    color: #222c53;||    padding: 12px 15px;||    font-size: 24px;||    transition: all .5s ease;||    text-align: left;||  font-style: italic;\u00a0\u00bb][\/et_pb_image][\/et_pb_column][\/et_pb_row][\/et_pb_section][et_pb_section fb_built=\u00a0\u00bb1&Prime; _builder_version=\u00a0\u00bb4.9.4&Prime; _module_preset=\u00a0\u00bbdefault\u00a0\u00bb custom_padding=\u00a0\u00bb0px|||||\u00a0\u00bb global_module=\u00a0\u00bb238477&Prime; saved_tabs=\u00a0\u00bball\u00a0\u00bb global_colors_info=\u00a0\u00bb{}\u00a0\u00bb][et_pb_row column_structure=\u00a0\u00bb3_5,2_5&Prime; make_equal=\u00a0\u00bbon\u00a0\u00bb _builder_version=\u00a0\u00bb4.9.10&Prime; _module_preset=\u00a0\u00bbdefault\u00a0\u00bb custom_padding=\u00a0\u00bb||||false|false\u00a0\u00bb custom_css_main_element=\u00a0\u00bbalign-items:center;\u00a0\u00bb global_colors_info=\u00a0\u00bb{}\u00a0\u00bb][et_pb_column type=\u00a0\u00bb3_5&Prime; _builder_version=\u00a0\u00bb4.9.4&Prime; _module_preset=\u00a0\u00bbdefault\u00a0\u00bb global_colors_info=\u00a0\u00bb{}\u00a0\u00bb][et_pb_text _builder_version=\u00a0\u00bb4.9.4&Prime; _module_preset=\u00a0\u00bbdefault\u00a0\u00bb global_colors_info=\u00a0\u00bb{}\u00a0\u00bb]<\/p>\n<h3>Marques avec lesquelles nous travaillons<\/h3>\n<p>Pour une qualit\u00e9 optimale, nous collaborons avec les meilleurs acteurs du secteur, qui mettent en \u0153uvre des innovations intelligentes dans des \u00e9quipements fiables et de haute qualit\u00e9.[\/et_pb_text][\/et_pb_column][et_pb_column type=\u00a0\u00bb2_5&Prime; _builder_version=\u00a0\u00bb4.9.4&Prime; _module_preset=\u00a0\u00bbdefault\u00a0\u00bb background_enable_image=\u00a0\u00bboff\u00a0\u00bb background_size=\u00a0\u00bbcontain\u00a0\u00bb custom_padding=\u00a0\u00bb75px|12%|50px|12%|false|true\u00a0\u00bb global_colors_info=\u00a0\u00bb{}\u00a0\u00bb][et_pb_image src=\u00a0\u00bbhttps:\/\/www.avant-medical.com\/wp-content\/uploads\/blurb-yellow-left-top.svg\u00a0\u00bb title_text=\u00a0\u00bbblurb-yellow-left-top\u00a0\u00bb module_class=\u00a0\u00bbo-cioon\u00a0\u00bb _builder_version=\u00a0\u00bb4.9.10&Prime; _module_preset=\u00a0\u00bbceb21bd3-b870-4065-9fa9-f7a00d94456a\u00a0\u00bb global_colors_info=\u00a0\u00bb{}\u00a0\u00bb][\/et_pb_image][\/et_pb_column][\/et_pb_row][et_pb_row _builder_version=\u00a0\u00bb4.9.4&Prime; _module_preset=\u00a0\u00bbdefault\u00a0\u00bb global_colors_info=\u00a0\u00bb{}\u00a0\u00bb][et_pb_column type=\u00a0\u00bb4_4&Prime; _builder_version=\u00a0\u00bb4.9.4&Prime; _module_preset=\u00a0\u00bbdefault\u00a0\u00bb global_colors_info=\u00a0\u00bb{}\u00a0\u00bb][dsm_masonry_gallery gallery_ids=\u00a0\u00bb239478,239480,239482,239484,239550,239552,239554,239556&Prime; columns=\u00a0\u00bb4&Prime; gutter=\u00a0\u00bb0&Prime; _builder_version=\u00a0\u00bb4.9.4&Prime; _module_preset=\u00a0\u00bbdefault\u00a0\u00bb global_colors_info=\u00a0\u00bb{}\u00a0\u00bb][\/dsm_masonry_gallery][\/et_pb_column][\/et_pb_row][\/et_pb_section]<\/p>\n","protected":false},"excerpt":{"rendered":"<p>\u00c0 propos de nous Avant Medical conseille les professionnels de sant\u00e9 de laboratoire et les aide \u00e0 s\u00e9lectionner les produits les plus performants de leur cat\u00e9gorie. Ensemble, nous apportons ainsi une contribution importante \u00e0 l\u2019am\u00e9lioration des diagnostics et des soins prodigu\u00e9s aux patients. Ensemble, nous apportons ainsi une contribution importante \u00e0 l\u2019am\u00e9lioration des diagnostics et des soins prodigu\u00e9s aux patients. Notre \u00e9quipe est constitu\u00e9e de professionnels exp\u00e9riment\u00e9s dans leurs domaines respectifs.\u00a0\u00bbNotre objectif est de fournir \u00e0 nos clients des solutions abordables et de premier ordre pour vous aider \u00e0 am\u00e9liorer continuellement vos services aux patients.\u00a0\u00bbProduits de qualit\u00e9 Nos produits sont issus de marques renomm\u00e9es et sont test\u00e9s pour garantir une qualit\u00e9 optimale et les meilleurs soins pour vos patients.Service \u00e0 la client\u00e8le Nous faisons plus que vendre des produits. Nous fournissons un service qui s\u2019\u00e9tend de la recherche du produit \u00e0 son installation.Innovation continue Nous pensons qu\u2019il est important de rechercher en permanence de nouveaux produits pour vous fournir, \u00e0 vous et \u00e0 vos patients, les meilleurs soins.Nos atoutsNous nous appuyons sur des professionnels exp\u00e9riment\u00e9s.Ensemble, nous contribuons \u00e0 l\u2019am\u00e9lioration continue des soins.Qualit\u00e9 sup\u00e9rieure, intelligence et fiabilit\u00e9.Qualit\u00e9 sup\u00e9rieure, intelligence et fiabilit\u00e9.Marques avec lesquelles nous travaillons Pour une qualit\u00e9 optimale, nous collaborons [&hellip;]<\/p>\n","protected":false},"author":7,"featured_media":0,"parent":0,"menu_order":0,"comment_status":"closed","ping_status":"closed","template":"","meta":{"_acf_changed":false,"_et_pb_use_builder":"on","_et_pb_old_content":"","_et_gb_content_width":"","footnotes":""},"categories":[],"tags":[],"class_list":["post-240832","page","type-page","status-publish","hentry"],"acf":[],"_links":{"self":[{"href":"https:\/\/www.avant-medical.com\/fr\/wp-json\/wp\/v2\/pages\/240832","targetHints":{"allow":["GET"]}}],"collection":[{"href":"https:\/\/www.avant-medical.com\/fr\/wp-json\/wp\/v2\/pages"}],"about":[{"href":"https:\/\/www.avant-medical.com\/fr\/wp-json\/wp\/v2\/types\/page"}],"author":[{"embeddable":true,"href":"https:\/\/www.avant-medical.com\/fr\/wp-json\/wp\/v2\/users\/7"}],"replies":[{"embeddable":true,"href":"https:\/\/www.avant-medical.com\/fr\/wp-json\/wp\/v2\/comments?post=240832"}],"version-history":[{"count":0,"href":"https:\/\/www.avant-medical.com\/fr\/wp-json\/wp\/v2\/pages\/240832\/revisions"}],"wp:attachment":[{"href":"https:\/\/www.avant-medical.com\/fr\/wp-json\/wp\/v2\/media?parent=240832"}],"wp:term":[{"taxonomy":"category","embeddable":true,"href":"https:\/\/www.avant-medical.com\/fr\/wp-json\/wp\/v2\/categories?post=240832"},{"taxonomy":"post_tag","embeddable":true,"href":"https:\/\/www.avant-medical.com\/fr\/wp-json\/wp\/v2\/tags?post=240832"}],"curies":[{"name":"wp","href":"https:\/\/api.w.org\/{rel}","templated":true}]}}