{"id":240850,"date":"2022-02-17T21:48:59","date_gmt":"2022-02-17T20:48:59","guid":{"rendered":"https:\/\/www.avant-medical.com\/marques\/"},"modified":"2022-02-17T21:49:01","modified_gmt":"2022-02-17T20:49:01","slug":"marques","status":"publish","type":"page","link":"https:\/\/www.avant-medical.com\/fr\/marques\/","title":{"rendered":"Marques"},"content":{"rendered":"<p>[et_pb_section fb_built=\u00a0\u00bb1&Prime; _builder_version=\u00a0\u00bb4.9.7&Prime; _module_preset=\u00a0\u00bbdefault\u00a0\u00bb background_color=\u00a0\u00bbRGBA(0,0,0,0)\u00a0\u00bb background_enable_image=\u00a0\u00bboff\u00a0\u00bb background_size=\u00a0\u00bbinitial\u00a0\u00bb background_position=\u00a0\u00bbbottom_left\u00a0\u00bb overflow-x=\u00a0\u00bbhidden\u00a0\u00bb overflow-y=\u00a0\u00bbhidden\u00a0\u00bb custom_padding=\u00a0\u00bb||||false|false\u00a0\u00bb global_colors_info=\u00a0\u00bb{}\u00a0\u00bb][et_pb_row column_structure=\u00a0\u00bb3_5,2_5&Prime; use_custom_gutter=\u00a0\u00bbon\u00a0\u00bb gutter_width=\u00a0\u00bb2&Prime; make_equal=\u00a0\u00bbon\u00a0\u00bb _builder_version=\u00a0\u00bb4.9.4&Prime; _module_preset=\u00a0\u00bbdefault\u00a0\u00bb custom_padding=\u00a0\u00bb||60px|||\u00a0\u00bb custom_css_main_element=\u00a0\u00bbalign-items:center;\u00a0\u00bb global_colors_info=\u00a0\u00bb{}\u00a0\u00bb][et_pb_column type=\u00a0\u00bb3_5&Prime; _builder_version=\u00a0\u00bb4.9.4&Prime; _module_preset=\u00a0\u00bbdefault\u00a0\u00bb global_colors_info=\u00a0\u00bb{}\u00a0\u00bb][et_pb_text _builder_version=\u00a0\u00bb4.9.4&Prime; _module_preset=\u00a0\u00bb29d40321-2d3e-4f1d-b778-676ebef638fe\u00a0\u00bb global_colors_info=\u00a0\u00bb{}\u00a0\u00bb]<\/p>\n<h1>Marques<\/h1>\n<p>Afin de pouvoir vous fournir des \u00e9quipements irr\u00e9prochables, nous collaborons avec un nombre restreint de fabricants en mesure de livrer des produits tr\u00e8s qualitatifs. Pour plus d\u2019informations sur les innovations de ces marques, veuillez consulter les liens ci-dessous.<\/p>\n<p>[\/et_pb_text][\/et_pb_column][et_pb_column type=\u00a0\u00bb2_5&Prime; _builder_version=\u00a0\u00bb4.9.4&Prime; _module_preset=\u00a0\u00bbdefault\u00a0\u00bb global_colors_info=\u00a0\u00bb{}\u00a0\u00bb][et_pb_image src=\u00a0\u00bbhttps:\/\/www.avant-medical.com\/wp-content\/uploads\/Smart-lab-solutions-avant-medical.png\u00a0\u00bb title_text=\u00a0\u00bbSmart-lab-solutions-avant-medical\u00a0\u00bb align=\u00a0\u00bbcenter\u00a0\u00bb _builder_version=\u00a0\u00bb4.9.4&Prime; _module_preset=\u00a0\u00bbdefault\u00a0\u00bb z_index=\u00a0\u00bb5&Prime; max_width=\u00a0\u00bb500px\u00a0\u00bb global_colors_info=\u00a0\u00bb{}\u00a0\u00bb][\/et_pb_image][\/et_pb_column][\/et_pb_row][et_pb_row column_structure=\u00a0\u00bb1_2,1_2&Prime; _builder_version=\u00a0\u00bb4.9.7&Prime; _module_preset=\u00a0\u00bbdefault\u00a0\u00bb global_colors_info=\u00a0\u00bb{}\u00a0\u00bb][et_pb_column type=\u00a0\u00bb1_2&Prime; _builder_version=\u00a0\u00bb4.9.7&Prime; _module_preset=\u00a0\u00bbdefault\u00a0\u00bb global_colors_info=\u00a0\u00bb{}\u00a0\u00bb][dsm_card image=\u00a0\u00bbhttps:\/\/www.avant-medical.com\/wp-content\/uploads\/Boditech.jpg\u00a0\u00bb image_as_background=\u00a0\u00bboff\u00a0\u00bb button_url_new_window=\u00a0\u00bb1&Prime; _builder_version=\u00a0\u00bb4.9.7&Prime; _module_preset=\u00a0\u00bb2361b93f-04f0-455e-bf8d-9c165f09aab8&Prime; global_colors_info=\u00a0\u00bb{}\u00a0\u00bb]<\/p>\n<p>Met haar AFIAS analyzers heeft Boditech Med zich inmiddels al wereldwijd bewezen. Door het gebruik van een \u00ab\u00a0all-in-one cartridge\u00a0\u00bb is het gebruik eenvoudig en zeer robuust. Samen met een uitgebreide portfolio aan reagentia zijn deze analyzers ideaal inzetbaar bij klinieken, ziekenhuizen en huisartspraktijken<\/p>\n<p>Avant-Medical is de exclusieve dealer van alle Boditech producten in de Benelux landen.<\/p>\n<p>[\/dsm_card][\/et_pb_column][et_pb_column type=\u00a0\u00bb1_2&Prime; _builder_version=\u00a0\u00bb4.9.7&Prime; _module_preset=\u00a0\u00bbdefault\u00a0\u00bb global_colors_info=\u00a0\u00bb{}\u00a0\u00bb][dsm_card image=\u00a0\u00bbhttps:\/\/www.avant-medical.com\/wp-content\/uploads\/Skyla.jpg\u00a0\u00bb image_as_background=\u00a0\u00bboff\u00a0\u00bb button_url_new_window=\u00a0\u00bb1&Prime; _builder_version=\u00a0\u00bb4.9.7&Prime; _module_preset=\u00a0\u00bb2361b93f-04f0-455e-bf8d-9c165f09aab8&Prime; locked=\u00a0\u00bboff\u00a0\u00bb global_colors_info=\u00a0\u00bb{}\u00a0\u00bb]<\/p>\n<p>Skyla, is de nieuwe medische divisie van LITE-ON Technology Corporation, een wereldleider op het gebied van elektronica producten voor de pc-, auto- en consumentenelektronica-industrie.<\/p>\n<p>Avant-Medical vertegenwoordigt Skyla-producten in Belgi\u00eb, Luxemburg en Nederland voor het innovatieve portfolio van point-of-care- analyzers: de Skyla HB1 en Skyla Hi analyzer.<\/p>\n<p>[\/dsm_card][\/et_pb_column][\/et_pb_row][et_pb_row column_structure=\u00a0\u00bb1_2,1_2&Prime; _builder_version=\u00a0\u00bb4.9.7&Prime; _module_preset=\u00a0\u00bbdefault\u00a0\u00bb global_colors_info=\u00a0\u00bb{}\u00a0\u00bb][et_pb_column type=\u00a0\u00bb1_2&Prime; _builder_version=\u00a0\u00bb4.9.7&Prime; _module_preset=\u00a0\u00bbdefault\u00a0\u00bb global_colors_info=\u00a0\u00bb{}\u00a0\u00bb][dsm_card image=\u00a0\u00bbhttps:\/\/www.avant-medical.com\/wp-content\/uploads\/accuVein-logo.jpg\u00a0\u00bb button_url_new_window=\u00a0\u00bb1&Prime; _builder_version=\u00a0\u00bb4.9.7&Prime; _module_preset=\u00a0\u00bb2361b93f-04f0-455e-bf8d-9c165f09aab8&Prime; locked=\u00a0\u00bboff\u00a0\u00bb global_colors_info=\u00a0\u00bb{}\u00a0\u00bb]<\/p>\n<p>AccuVein geeft in real-time digitaal een kaart van het vaatstelsel op het huidoppervlak weer, zodat clinici de doorgankelijkheid van de aderen kunnen verifi\u00ebren en kleppen of vertakkingen kunnen vermijden.<\/p>\n<p>[\/dsm_card][\/et_pb_column][et_pb_column type=\u00a0\u00bb1_2&Prime; _builder_version=\u00a0\u00bb4.9.7&Prime; _module_preset=\u00a0\u00bbdefault\u00a0\u00bb global_colors_info=\u00a0\u00bb{}\u00a0\u00bb][dsm_card image=\u00a0\u00bbhttps:\/\/www.avant-medical.com\/wp-content\/uploads\/trinity-biotech-logo.jpg\u00a0\u00bb image_as_background=\u00a0\u00bboff\u00a0\u00bb button_url_new_window=\u00a0\u00bb1&Prime; _builder_version=\u00a0\u00bb4.9.7&Prime; _module_preset=\u00a0\u00bb2361b93f-04f0-455e-bf8d-9c165f09aab8&Prime; global_colors_info=\u00a0\u00bb{}\u00a0\u00bb]<\/p>\n<p>Het portfolio van Trinity Biotech omvat o.a. testkits voor oxalaat, angiotensineconverterend enzym (ACE) en galzuren.<\/p>\n<p>[\/dsm_card][\/et_pb_column][\/et_pb_row][et_pb_row column_structure=\u00a0\u00bb1_2,1_2&Prime; _builder_version=\u00a0\u00bb4.9.7&Prime; _module_preset=\u00a0\u00bbdefault\u00a0\u00bb global_colors_info=\u00a0\u00bb{}\u00a0\u00bb][et_pb_column type=\u00a0\u00bb1_2&Prime; _builder_version=\u00a0\u00bb4.9.7&Prime; _module_preset=\u00a0\u00bbdefault\u00a0\u00bb global_colors_info=\u00a0\u00bb{}\u00a0\u00bb][dsm_card image=\u00a0\u00bbhttps:\/\/www.avant-medical.com\/wp-content\/uploads\/Greatbatch.jpg\u00a0\u00bb image_as_background=\u00a0\u00bboff\u00a0\u00bb button_url_new_window=\u00a0\u00bb1&Prime; _builder_version=\u00a0\u00bb4.9.7&Prime; _module_preset=\u00a0\u00bb2361b93f-04f0-455e-bf8d-9c165f09aab8&Prime; global_colors_info=\u00a0\u00bb{}\u00a0\u00bb]<\/p>\n<p>Uniek onder alle introducers, de OptiSeal \u201cvalved peelable introducer\u201d met ventiel biedt een PTFE-omhulsel en een gepatenteerde klep die resulteert in een optimale inbrenging en afdichting.<\/p>\n<p>[\/dsm_card][\/et_pb_column][et_pb_column type=\u00a0\u00bb1_2&Prime; _builder_version=\u00a0\u00bb4.9.7&Prime; _module_preset=\u00a0\u00bbdefault\u00a0\u00bb global_colors_info=\u00a0\u00bb{}\u00a0\u00bb][dsm_card image=\u00a0\u00bbhttps:\/\/www.avant-medical.com\/wp-content\/uploads\/chrono-log.jpg\u00a0\u00bb image_as_background=\u00a0\u00bboff\u00a0\u00bb image_alignment=\u00a0\u00bbcenter\u00a0\u00bb button_url_new_window=\u00a0\u00bb1&Prime; _builder_version=\u00a0\u00bb4.9.7&Prime; _module_preset=\u00a0\u00bb2361b93f-04f0-455e-bf8d-9c165f09aab8&Prime; global_colors_info=\u00a0\u00bb{}\u00a0\u00bb]<\/p>\n<p>CHRONO-LOG\u00ae heeft al meer dan 50jaar ervaring in het ontwerpen, ontwikkelen en produceren van innovatieve bloedplaatjestechnologie\u00ebn.<\/p>\n<p>[\/dsm_card][\/et_pb_column][\/et_pb_row][et_pb_row column_structure=\u00a0\u00bb1_2,1_2&Prime; _builder_version=\u00a0\u00bb4.9.7&Prime; _module_preset=\u00a0\u00bbdefault\u00a0\u00bb global_colors_info=\u00a0\u00bb{}\u00a0\u00bb][et_pb_column type=\u00a0\u00bb1_2&Prime; _builder_version=\u00a0\u00bb4.9.7&Prime; _module_preset=\u00a0\u00bbdefault\u00a0\u00bb global_colors_info=\u00a0\u00bb{}\u00a0\u00bb][dsm_card image=\u00a0\u00bbhttps:\/\/www.avant-medical.com\/wp-content\/uploads\/EKF.jpg\u00a0\u00bb button_url_new_window=\u00a0\u00bb1&Prime; _builder_version=\u00a0\u00bb4.9.7&Prime; _module_preset=\u00a0\u00bb2361b93f-04f0-455e-bf8d-9c165f09aab8&Prime; global_colors_info=\u00a0\u00bb{}\u00a0\u00bb]<\/p>\n<p>De slimme en handzame hemoglobine meters van EKF hebben zich al wereldwijd bewezen. De DiaSpect Tm hemoglobinemeter is zowel handzaam als zeer snel.<\/p>\n<p>[\/dsm_card][\/et_pb_column][et_pb_column type=\u00a0\u00bb1_2&Prime; _builder_version=\u00a0\u00bb4.9.7&Prime; _module_preset=\u00a0\u00bbdefault\u00a0\u00bb global_colors_info=\u00a0\u00bb{}\u00a0\u00bb][\/et_pb_column][\/et_pb_row][\/et_pb_section][et_pb_section fb_built=\u00a0\u00bb1&Prime; disabled_on=\u00a0\u00bbon|on|on\u00a0\u00bb _builder_version=\u00a0\u00bb4.9.7&Prime; _module_preset=\u00a0\u00bbdefault\u00a0\u00bb background_color=\u00a0\u00bbRGBA(0,0,0,0)\u00a0\u00bb background_enable_image=\u00a0\u00bboff\u00a0\u00bb background_size=\u00a0\u00bbinitial\u00a0\u00bb background_position=\u00a0\u00bbbottom_left\u00a0\u00bb overflow-x=\u00a0\u00bbhidden\u00a0\u00bb overflow-y=\u00a0\u00bbhidden\u00a0\u00bb custom_padding=\u00a0\u00bb||||false|false\u00a0\u00bb disabled=\u00a0\u00bbon\u00a0\u00bb global_colors_info=\u00a0\u00bb{}\u00a0\u00bb][et_pb_row column_structure=\u00a0\u00bb1_2,1_2&Prime; _builder_version=\u00a0\u00bb4.9.4&Prime; _module_preset=\u00a0\u00bbdefault\u00a0\u00bb global_colors_info=\u00a0\u00bb{}\u00a0\u00bb][et_pb_column type=\u00a0\u00bb1_2&Prime; _builder_version=\u00a0\u00bb4.9.4&Prime; _module_preset=\u00a0\u00bbdefault\u00a0\u00bb global_colors_info=\u00a0\u00bb{}\u00a0\u00bb][et_pb_blurb title=\u00a0\u00bbSkyla\u00a0\u00bb image=\u00a0\u00bbhttps:\/\/www.avant-medical.com\/wp-content\/uploads\/blurb-yellow-left-bottom.svg\u00a0\u00bb _builder_version=\u00a0\u00bb4.9.7&Prime; _module_preset=\u00a0\u00bb35739ae2-d0b1-4282-9256-a7fab1b35013&Prime; global_colors_info=\u00a0\u00bb{}\u00a0\u00bb]<\/p>\n<p>Skyla, is de nieuwe medische divisie van LITE-ON Technology Corporation, een wereldleider op het gebied van elektronica producten voor de pc-, auto- en consumentenelektronica-industrie.<\/p>\n<p>Avant-Medical vertegenwoordigt Skyla-producten in Belgi\u00eb, Luxemburg en Nederland voor het innovatieve portfolio van point-of-care- analyzers: de Skyla HB1 en Skyla Hi analyzer.<\/p>\n<p>[\/et_pb_blurb][\/et_pb_column][et_pb_column type=\u00a0\u00bb1_2&Prime; _builder_version=\u00a0\u00bb4.9.4&Prime; _module_preset=\u00a0\u00bbdefault\u00a0\u00bb global_colors_info=\u00a0\u00bb{}\u00a0\u00bb][et_pb_blurb title=\u00a0\u00bbTrinity Biotech\u00a0\u00bb image=\u00a0\u00bbhttps:\/\/www.avant-medical.com\/wp-content\/uploads\/blurb-yellow-left-bottom.svg\u00a0\u00bb icon_alignment=\u00a0\u00bbleft\u00a0\u00bb image_max_width=\u00a0\u00bb25px\u00a0\u00bb _builder_version=\u00a0\u00bb4.9.4&Prime; _module_preset=\u00a0\u00bbdefault\u00a0\u00bb header_level=\u00a0\u00bbh3&Prime; header_font=\u00a0\u00bb|600|||||||\u00a0\u00bb custom_css_blurb_image=\u00a0\u00bbmargin-bottom:0px;\u00a0\u00bb global_colors_info=\u00a0\u00bb{}\u00a0\u00bb]<\/p>\n<p>Het portfolio van Trinity Biotech omvat o.a. testkits voor oxalaat, angiotensineconverterend enzym (ACE) en galzuren.<\/p>\n<p>[\/et_pb_blurb][\/et_pb_column][\/et_pb_row][et_pb_row column_structure=\u00a0\u00bb1_2,1_2&Prime; _builder_version=\u00a0\u00bb4.9.4&Prime; _module_preset=\u00a0\u00bbdefault\u00a0\u00bb global_colors_info=\u00a0\u00bb{}\u00a0\u00bb][et_pb_column type=\u00a0\u00bb1_2&Prime; _builder_version=\u00a0\u00bb4.9.4&Prime; _module_preset=\u00a0\u00bbdefault\u00a0\u00bb global_colors_info=\u00a0\u00bb{}\u00a0\u00bb][et_pb_blurb title=\u00a0\u00bbChrono-Log\u00a0\u00bb image=\u00a0\u00bbhttps:\/\/www.avant-medical.com\/wp-content\/uploads\/blurb-yellow-left-bottom.svg\u00a0\u00bb icon_alignment=\u00a0\u00bbleft\u00a0\u00bb image_max_width=\u00a0\u00bb25px\u00a0\u00bb _builder_version=\u00a0\u00bb4.9.4&Prime; _module_preset=\u00a0\u00bbdefault\u00a0\u00bb header_level=\u00a0\u00bbh3&Prime; header_font=\u00a0\u00bb|600|||||||\u00a0\u00bb custom_css_blurb_image=\u00a0\u00bbmargin-bottom:0px;\u00a0\u00bb global_colors_info=\u00a0\u00bb{}\u00a0\u00bb]<\/p>\n<p>CHRONO-LOG\u00ae heeft al meer dan 50jaar ervaring in het ontwerpen, ontwikkelen en produceren van innovatieve bloedplaatjestechnologie\u00ebn.<\/p>\n<p>[\/et_pb_blurb][\/et_pb_column][et_pb_column type=\u00a0\u00bb1_2&Prime; _builder_version=\u00a0\u00bb4.9.4&Prime; _module_preset=\u00a0\u00bbdefault\u00a0\u00bb global_colors_info=\u00a0\u00bb{}\u00a0\u00bb][et_pb_blurb title=\u00a0\u00bbGreatbatch\u00a0\u00bb image=\u00a0\u00bbhttps:\/\/www.avant-medical.com\/wp-content\/uploads\/blurb-yellow-left-bottom.svg\u00a0\u00bb icon_alignment=\u00a0\u00bbleft\u00a0\u00bb image_max_width=\u00a0\u00bb25px\u00a0\u00bb _builder_version=\u00a0\u00bb4.9.4&Prime; _module_preset=\u00a0\u00bbdefault\u00a0\u00bb header_level=\u00a0\u00bbh3&Prime; header_font=\u00a0\u00bb|600|||||||\u00a0\u00bb custom_css_blurb_image=\u00a0\u00bbmargin-bottom:0px;\u00a0\u00bb global_colors_info=\u00a0\u00bb{}\u00a0\u00bb]<\/p>\n<p>Uniek onder alle introducers, de OptiSeal \u201cvalved peelable introducer\u201d met ventiel biedt een PTFE-omhulsel en een gepatenteerde klep die resulteert in een optimale inbrenging en afdichting.<\/p>\n<p>[\/et_pb_blurb][\/et_pb_column][\/et_pb_row][et_pb_row column_structure=\u00a0\u00bb1_2,1_2&Prime; _builder_version=\u00a0\u00bb4.9.4&Prime; _module_preset=\u00a0\u00bbdefault\u00a0\u00bb global_colors_info=\u00a0\u00bb{}\u00a0\u00bb][et_pb_column type=\u00a0\u00bb1_2&Prime; _builder_version=\u00a0\u00bb4.9.4&Prime; _module_preset=\u00a0\u00bbdefault\u00a0\u00bb global_colors_info=\u00a0\u00bb{}\u00a0\u00bb][et_pb_blurb title=\u00a0\u00bbEKF Diagnostics\u00a0\u00bb image=\u00a0\u00bbhttps:\/\/www.avant-medical.com\/wp-content\/uploads\/blurb-yellow-left-bottom.svg\u00a0\u00bb icon_alignment=\u00a0\u00bbleft\u00a0\u00bb image_max_width=\u00a0\u00bb25px\u00a0\u00bb _builder_version=\u00a0\u00bb4.9.4&Prime; _module_preset=\u00a0\u00bbdefault\u00a0\u00bb header_level=\u00a0\u00bbh3&Prime; header_font=\u00a0\u00bb|600|||||||\u00a0\u00bb custom_css_blurb_image=\u00a0\u00bbmargin-bottom:0px;\u00a0\u00bb global_colors_info=\u00a0\u00bb{}\u00a0\u00bb]<\/p>\n<p>De slimme en handzame hemoglobine meters van EKF hebben zich al wereldwijd bewezen. De DiaSpect Tm hemoglobinemeter is zowel handzaam als zeer snel.<\/p>\n<p>[\/et_pb_blurb][\/et_pb_column][et_pb_column type=\u00a0\u00bb1_2&Prime; _builder_version=\u00a0\u00bb4.9.4&Prime; _module_preset=\u00a0\u00bbdefault\u00a0\u00bb global_colors_info=\u00a0\u00bb{}\u00a0\u00bb][et_pb_blurb title=\u00a0\u00bbAccuVein\u00a0\u00bb image=\u00a0\u00bbhttps:\/\/www.avant-medical.com\/wp-content\/uploads\/accuVein-logo.jpg\u00a0\u00bb icon_alignment=\u00a0\u00bbleft\u00a0\u00bb image_max_width=\u00a0\u00bb200px\u00a0\u00bb _builder_version=\u00a0\u00bb4.9.7&Prime; _module_preset=\u00a0\u00bbdefault\u00a0\u00bb header_level=\u00a0\u00bbh3&Prime; header_font=\u00a0\u00bb|600|||||||\u00a0\u00bb custom_css_blurb_image=\u00a0\u00bbmargin-bottom:0px;\u00a0\u00bb global_colors_info=\u00a0\u00bb{}\u00a0\u00bb]<\/p>\n<p>AccuVein geeft in real-time digitaal een kaart van het vaatstelsel op het huidoppervlak weer, zodat clinici de doorgankelijkheid van de aderen kunnen verifi\u00ebren en kleppen of vertakkingen kunnen vermijden.<\/p>\n<p>[\/et_pb_blurb][\/et_pb_column][\/et_pb_row][\/et_pb_section]<\/p>\n","protected":false},"excerpt":{"rendered":"<p>Marques Afin de pouvoir vous fournir des \u00e9quipements irr\u00e9prochables, nous collaborons avec un nombre restreint de fabricants en mesure de livrer des produits tr\u00e8s qualitatifs. Pour plus d\u2019informations sur les innovations de ces marques, veuillez consulter les liens ci-dessous.<div class=\"et_pb_module dsm_card dsm_card_0 et_pb_bg_layout_light  dsm_card_layout_stacked\">\n\t\t\t\t\n\t\t\t\t\n\t\t\t\t\n\t\t\t\t\n\t\t\t\t\n\t\t\t\t\n\t\t\t\t<div class=\"et_pb_module_inner\">\n\t\t\t\t\t\n\t\t\t\n\t\t\t<figure class=\"dsm_card_image_wrapper dsm_card_badge_top_right\"><img decoding=\"async\" src=\"https:\/\/www.avant-medical.com\/wp-content\/uploads\/Boditech.jpg\" alt=\"\" srcset=\"https:\/\/www.avant-medical.com\/wp-content\/uploads\/Boditech.jpg 600w, https:\/\/www.avant-medical.com\/wp-content\/uploads\/Boditech-480x160.jpg 480w\" sizes=\"(min-width: 0px) and (max-width: 480px) 480px, (min-width: 481px) 600px, 100vw\" class=\"dsm_card_img dsm_card_image_stretch\" \/><\/figure>\n\t\t\t<div class=\"et_pb_module dsm_card_wrapper et_pb_text_align_left\">\n\t\t\t\t\t\n\t\t\t\t\t\n\t\t\t\t\t\n\t\t\t\t\t<div class=\"dsm_card_description\">Met haar AFIAS analyzers heeft Boditech Med zich inmiddels al wereldwijd bewezen. Door het gebruik van een \u00ab\u00a0all-in-one cartridge\u00a0\u00bb is het gebruik eenvoudig en zeer robuust. Samen met een uitgebreide portfolio aan reagentia zijn deze analyzers ideaal inzetbaar bij klinieken, ziekenhuizen en huisartspraktijken Avant-Medical is de exclusieve dealer van alle Boditech producten in de Benelux landen.<\/div>\n\t\t\t\t\t\n\t\t\t\t<\/div>\n\t\t\t\n\t\t\t\t<\/div>\n\t\t\t<\/div><div class=\"et_pb_module dsm_card dsm_card_1 et_pb_bg_layout_light  dsm_card_layout_stacked\">\n\t\t\t\t\n\t\t\t\t\n\t\t\t\t\n\t\t\t\t\n\t\t\t\t\n\t\t\t\t\n\t\t\t\t<div class=\"et_pb_module_inner\">\n\t\t\t\t\t\n\t\t\t\n\t\t\t<figure class=\"dsm_card_image_wrapper dsm_card_badge_top_right\"><img decoding=\"async\" src=\"https:\/\/www.avant-medical.com\/wp-content\/uploads\/Skyla.jpg\" alt=\"\" srcset=\"https:\/\/www.avant-medical.com\/wp-content\/uploads\/Skyla.jpg 600w, https:\/\/www.avant-medical.com\/wp-content\/uploads\/Skyla-480x160.jpg 480w\" sizes=\"(min-width: 0px) and (max-width: 480px) 480px, (min-width: 481px) 600px, 100vw\" class=\"dsm_card_img dsm_card_image_stretch\" \/><\/figure>\n\t\t\t<div class=\"et_pb_module dsm_card_wrapper et_pb_text_align_left\">\n\t\t\t\t\t\n\t\t\t\t\t\n\t\t\t\t\t\n\t\t\t\t\t<div class=\"dsm_card_description\">Skyla, is de nieuwe medische divisie van LITE-ON Technology Corporation, een wereldleider op het gebied van elektronica producten voor de pc-, auto- en consumentenelektronica-industrie. Avant-Medical vertegenwoordigt Skyla-producten in Belgi\u00eb, Luxemburg en Nederland voor het innovatieve portfolio van point-of-care- analyzers: de Skyla HB1 en Skyla Hi analyzer.<\/div>\n\t\t\t\t\t\n\t\t\t\t<\/div>\n\t\t\t\n\t\t\t\t<\/div>\n\t\t\t<\/div><div class=\"et_pb_module dsm_card dsm_card_2 et_pb_bg_layout_light  dsm_card_layout_stacked\">\n\t\t\t\t\n\t\t\t\t\n\t\t\t\t\n\t\t\t\t\n\t\t\t\t\n\t\t\t\t\n\t\t\t\t<div class=\"et_pb_module_inner\">\n\t\t\t\t\t\n\t\t\t\n\t\t\t<figure class=\"dsm_card_image_wrapper dsm_card_badge_top_right\"><div class=\"dsm_card_image_background dsm_card_img\"><\/div><\/figure>\n\t\t\t<div class=\"et_pb_module dsm_card_wrapper et_pb_text_align_left\">\n\t\t\t\t\t\n\t\t\t\t\t\n\t\t\t\t\t\n\t\t\t\t\t<div class=\"dsm_card_description\">AccuVein geeft in real-time digitaal een kaart van het vaatstelsel op het huidoppervlak weer, zodat clinici de doorgankelijkheid van de aderen kunnen verifi\u00ebren en kleppen of vertakkingen kunnen vermijden.<\/div>\n\t\t\t\t\t\n\t\t\t\t<\/div>\n\t\t\t\n\t\t\t\t<\/div>\n\t\t\t<\/div><div class=\"et_pb_module dsm_card dsm_card_3 et_pb_bg_layout_light  dsm_card_layout_stacked\">\n\t\t\t\t\n\t\t\t\t\n\t\t\t\t\n\t\t\t\t\n\t\t\t\t\n\t\t\t\t\n\t\t\t\t<div class=\"et_pb_module_inner\">\n\t\t\t\t\t\n\t\t\t\n\t\t\t<figure class=\"dsm_card_image_wrapper dsm_card_badge_top_right\"><img decoding=\"async\" src=\"https:\/\/www.avant-medical.com\/wp-content\/uploads\/trinity-biotech-logo.jpg\" alt=\"\" srcset=\"https:\/\/www.avant-medical.com\/wp-content\/uploads\/trinity-biotech-logo.jpg 600w, https:\/\/www.avant-medical.com\/wp-content\/uploads\/trinity-biotech-logo-480x160.jpg 480w\" sizes=\"(min-width: 0px) and (max-width: 480px) 480px, (min-width: 481px) 600px, 100vw\" class=\"dsm_card_img dsm_card_image_stretch\" \/><\/figure>\n\t\t\t\n\t\t\t\n\t\t\t\t<\/div>\n\t\t\t<\/div>Het portfolio van Trinity Biotech omvat o.a. testkits voor [&hellip;]<\/p>\n","protected":false},"author":7,"featured_media":0,"parent":0,"menu_order":0,"comment_status":"closed","ping_status":"closed","template":"","meta":{"_acf_changed":false,"_et_pb_use_builder":"on","_et_pb_old_content":"","_et_gb_content_width":"","footnotes":""},"categories":[],"tags":[],"class_list":["post-240850","page","type-page","status-publish","hentry"],"acf":[],"_links":{"self":[{"href":"https:\/\/www.avant-medical.com\/fr\/wp-json\/wp\/v2\/pages\/240850","targetHints":{"allow":["GET"]}}],"collection":[{"href":"https:\/\/www.avant-medical.com\/fr\/wp-json\/wp\/v2\/pages"}],"about":[{"href":"https:\/\/www.avant-medical.com\/fr\/wp-json\/wp\/v2\/types\/page"}],"author":[{"embeddable":true,"href":"https:\/\/www.avant-medical.com\/fr\/wp-json\/wp\/v2\/users\/7"}],"replies":[{"embeddable":true,"href":"https:\/\/www.avant-medical.com\/fr\/wp-json\/wp\/v2\/comments?post=240850"}],"version-history":[{"count":0,"href":"https:\/\/www.avant-medical.com\/fr\/wp-json\/wp\/v2\/pages\/240850\/revisions"}],"wp:attachment":[{"href":"https:\/\/www.avant-medical.com\/fr\/wp-json\/wp\/v2\/media?parent=240850"}],"wp:term":[{"taxonomy":"category","embeddable":true,"href":"https:\/\/www.avant-medical.com\/fr\/wp-json\/wp\/v2\/categories?post=240850"},{"taxonomy":"post_tag","embeddable":true,"href":"https:\/\/www.avant-medical.com\/fr\/wp-json\/wp\/v2\/tags?post=240850"}],"curies":[{"name":"wp","href":"https:\/\/api.w.org\/{rel}","templated":true}]}}