{"id":241193,"date":"2022-03-03T15:33:57","date_gmt":"2022-03-03T14:33:57","guid":{"rendered":"https:\/\/www.avant-medical.com\/produits\/analyses-sur-le-lieu-dintervention\/"},"modified":"2024-08-22T10:53:51","modified_gmt":"2024-08-22T09:53:51","slug":"analyses-sur-le-lieu-dintervention","status":"publish","type":"page","link":"https:\/\/www.avant-medical.com\/fr\/produits\/analyses-sur-le-lieu-dintervention\/","title":{"rendered":"Analyses sur le lieu d\u2019intervention"},"content":{"rendered":"<p>[et_pb_section fb_built=\u00a0\u00bb1&Prime; _builder_version=\u00a0\u00bb4.16&Prime; _module_preset=\u00a0\u00bb4fcb4a45-cb6b-4b9e-9b31-b2640bc85fb8&Prime; global_colors_info=\u00a0\u00bb{}\u00a0\u00bb theme_builder_area=\u00a0\u00bbpost_content\u00a0\u00bb][et_pb_row column_structure=\u00a0\u00bb1_2,1_2&Prime; use_custom_gutter=\u00a0\u00bbon\u00a0\u00bb gutter_width=\u00a0\u00bb2&Prime; make_equal=\u00a0\u00bbon\u00a0\u00bb _builder_version=\u00a0\u00bb4.16&Prime; _module_preset=\u00a0\u00bbdefault\u00a0\u00bb custom_padding=\u00a0\u00bb||60px|||\u00a0\u00bb custom_css_main_element=\u00a0\u00bbalign-items:center;\u00a0\u00bb global_colors_info=\u00a0\u00bb{}\u00a0\u00bb theme_builder_area=\u00a0\u00bbpost_content\u00a0\u00bb][et_pb_column type=\u00a0\u00bb1_2&Prime; _builder_version=\u00a0\u00bb4.16&Prime; _module_preset=\u00a0\u00bbdefault\u00a0\u00bb global_colors_info=\u00a0\u00bb{}\u00a0\u00bb theme_builder_area=\u00a0\u00bbpost_content\u00a0\u00bb][et_pb_text _builder_version=\u00a0\u00bb4.16&Prime; _module_preset=\u00a0\u00bb29d40321-2d3e-4f1d-b778-676ebef638fe\u00a0\u00bb global_colors_info=\u00a0\u00bb{}\u00a0\u00bb theme_builder_area=\u00a0\u00bbpost_content\u00a0\u00bb]<\/p>\n<h1>Analyses sur le lieu d\u2019intervention<\/h1>\n<p>Avant Medical dispose de toute l\u2019expertise requise pour mettre en \u0153uvre sans difficult\u00e9 des solutions d\u2019analyses sur le lieu d\u2019intervention dans votre h\u00f4pital, clinique, laboratoire clinique ou centre de m\u00e9decine g\u00e9n\u00e9rale.<\/p>\n<p>[\/et_pb_text][\/et_pb_column][et_pb_column type=\u00a0\u00bb1_2&Prime; _builder_version=\u00a0\u00bb4.16&Prime; _module_preset=\u00a0\u00bbdefault\u00a0\u00bb global_colors_info=\u00a0\u00bb{}\u00a0\u00bb theme_builder_area=\u00a0\u00bbpost_content\u00a0\u00bb][et_pb_image src=\u00a0\u00bbhttps:\/\/www.avant-medical.com\/wp-content\/uploads\/Smart-lab-solutions-avant-medical.png\u00a0\u00bb title_text=\u00a0\u00bbSmart-lab-solutions-avant-medical\u00a0\u00bb align=\u00a0\u00bbcenter\u00a0\u00bb _builder_version=\u00a0\u00bb4.16&Prime; _module_preset=\u00a0\u00bbdefault\u00a0\u00bb z_index=\u00a0\u00bb5&Prime; max_width=\u00a0\u00bb500px\u00a0\u00bb global_colors_info=\u00a0\u00bb{}\u00a0\u00bb theme_builder_area=\u00a0\u00bbpost_content\u00a0\u00bb][\/et_pb_image][\/et_pb_column][\/et_pb_row][et_pb_row _builder_version=\u00a0\u00bb4.16&Prime; _module_preset=\u00a0\u00bbdefault\u00a0\u00bb locked=\u00a0\u00bboff\u00a0\u00bb global_colors_info=\u00a0\u00bb{}\u00a0\u00bb theme_builder_area=\u00a0\u00bbpost_content\u00a0\u00bb][et_pb_column type=\u00a0\u00bb4_4&Prime; _builder_version=\u00a0\u00bb4.16&Prime; _module_preset=\u00a0\u00bbdefault\u00a0\u00bb global_colors_info=\u00a0\u00bb{}\u00a0\u00bb theme_builder_area=\u00a0\u00bbpost_content\u00a0\u00bb][et_pb_text _builder_version=\u00a0\u00bb4.16&Prime; _module_preset=\u00a0\u00bb6839cd8e-43f4-421f-b986-1d46613d0793&Prime; global_colors_info=\u00a0\u00bb{}\u00a0\u00bb theme_builder_area=\u00a0\u00bbpost_content\u00a0\u00bb]<\/p>\n<p>\u00ab\u00a0Notre objectif est de fournir \u00e0 nos clients des solutions abordables et de premier ordre pour vous aider \u00e0 am\u00e9liorer continuellement vos services aux patients.\u00a0\u00bb<\/p>\n<p>[\/et_pb_text][\/et_pb_column][\/et_pb_row][\/et_pb_section][et_pb_section fb_built=\u00a0\u00bb1&Prime; _builder_version=\u00a0\u00bb4.16&Prime; _module_preset=\u00a0\u00bbdefault\u00a0\u00bb custom_padding=\u00a0\u00bb0px|||||\u00a0\u00bb global_colors_info=\u00a0\u00bb{}\u00a0\u00bb theme_builder_area=\u00a0\u00bbpost_content\u00a0\u00bb][et_pb_row disabled_on=\u00a0\u00bbon|on|on\u00a0\u00bb _builder_version=\u00a0\u00bb4.16&Prime; _module_preset=\u00a0\u00bb33eba74a-d1a9-4d05-b3e8-5dbd458029bb\u00a0\u00bb disabled=\u00a0\u00bbon\u00a0\u00bb global_colors_info=\u00a0\u00bb{}\u00a0\u00bb theme_builder_area=\u00a0\u00bbpost_content\u00a0\u00bb][et_pb_column type=\u00a0\u00bb4_4&Prime; _builder_version=\u00a0\u00bb4.16&Prime; _module_preset=\u00a0\u00bbdefault\u00a0\u00bb global_colors_info=\u00a0\u00bb{}\u00a0\u00bb theme_builder_area=\u00a0\u00bbpost_content\u00a0\u00bb][et_pb_de_mach_filter_posts filter_update_type=\u00a0\u00bbupdate_field\u00a0\u00bb scrollto=\u00a0\u00bbon\u00a0\u00bb scrollto_fine_tune=\u00a0\u00bb-110px\u00a0\u00bb filter_location=\u00a0\u00bbfullwidth\u00a0\u00bb fullwidth_columns_tablet=\u00a0\u00bb2&Prime; hide_reset=\u00a0\u00bbon\u00a0\u00bb module_class=\u00a0\u00bbo-filter\u00a0\u00bb _builder_version=\u00a0\u00bb4.16&Prime; _module_preset=\u00a0\u00bbdefault\u00a0\u00bb form_field_background_color=\u00a0\u00bb#C5E5EB\u00a0\u00bb form_field_text_color=\u00a0\u00bb#222C53&Prime; form_field_focus_background_color=\u00a0\u00bb#C5E5EB\u00a0\u00bb form_field_focus_text_color=\u00a0\u00bb#222C53&Prime; form_field_custom_padding=\u00a0\u00bb20px|10px|20px|10px|true|true\u00a0\u00bb filter_headings_font_size=\u00a0\u00bb18px\u00a0\u00bb form_field_font_size=\u00a0\u00bb20px\u00a0\u00bb background_enable_color=\u00a0\u00bboff\u00a0\u00bb saved_tabs=\u00a0\u00bball\u00a0\u00bb global_colors_info=\u00a0\u00bb{}\u00a0\u00bb theme_builder_area=\u00a0\u00bbpost_content\u00a0\u00bb][et_pb_de_mach_search_posts_item title=\u00a0\u00bbSubcategorie\u00a0\u00bb post_type_choose=\u00a0\u00bbproducts\u00a0\u00bb acf_filter_type=\u00a0\u00bbradio\u00a0\u00bb custom_label=\u00a0\u00bbFilter op:\u00a0\u00bb field_id=\u00a0\u00bbField_1&Prime; radio_style=\u00a0\u00bbtick_box\u00a0\u00bb radio_inline=\u00a0\u00bbon\u00a0\u00bb radio_gap=\u00a0\u00bb10px\u00a0\u00bb radio_all_text=\u00a0\u00bbAlles\u00a0\u00bb cat_tag_display_mode=\u00a0\u00bbonly_child\u00a0\u00bb cat_parent_category=\u00a0\u00bbPoint of care testen\u00a0\u00bb _builder_version=\u00a0\u00bb4.16&Prime; _module_preset=\u00a0\u00bbdefault\u00a0\u00bb global_colors_info=\u00a0\u00bb{}\u00a0\u00bb theme_builder_area=\u00a0\u00bbpost_content\u00a0\u00bb][\/et_pb_de_mach_search_posts_item][\/et_pb_de_mach_filter_posts][\/et_pb_column][\/et_pb_row][et_pb_row _builder_version=\u00a0\u00bb4.16&Prime; _module_preset=\u00a0\u00bb33eba74a-d1a9-4d05-b3e8-5dbd458029bb\u00a0\u00bb background_enable_color=\u00a0\u00bboff\u00a0\u00bb background_image=\u00a0\u00bbhttps:\/\/www.avant-medical.com\/wp-content\/uploads\/blurb-yellow-left-bottom.svg\u00a0\u00bb background_size=\u00a0\u00bbcontain\u00a0\u00bb background_position=\u00a0\u00bbcenter_left\u00a0\u00bb custom_margin=\u00a0\u00bb||0px||false|false\u00a0\u00bb custom_padding=\u00a0\u00bb50px|30px||40px|false|false\u00a0\u00bb border_radii=\u00a0\u00bbon|0px|0px|0px|0px\u00a0\u00bb border_color_bottom=\u00a0\u00bb#C5E5EB\u00a0\u00bb locked=\u00a0\u00bboff\u00a0\u00bb global_colors_info=\u00a0\u00bb{}\u00a0\u00bb theme_builder_area=\u00a0\u00bbpost_content\u00a0\u00bb][et_pb_column type=\u00a0\u00bb4_4&Prime; _builder_version=\u00a0\u00bb4.16&Prime; _module_preset=\u00a0\u00bbdefault\u00a0\u00bb global_colors_info=\u00a0\u00bb{}\u00a0\u00bb theme_builder_area=\u00a0\u00bbpost_content\u00a0\u00bb][et_pb_de_mach_filter_posts filter_update_type=\u00a0\u00bbupdate_field\u00a0\u00bb scrollto=\u00a0\u00bbon\u00a0\u00bb scrollto_fine_tune=\u00a0\u00bb-110px\u00a0\u00bb filter_location=\u00a0\u00bbfullwidth\u00a0\u00bb fullwidth_columns_tablet=\u00a0\u00bb2&Prime; hide_reset=\u00a0\u00bbon\u00a0\u00bb module_class=\u00a0\u00bbo-filter\u00a0\u00bb _builder_version=\u00a0\u00bb4.16&Prime; _module_preset=\u00a0\u00bbdefault\u00a0\u00bb form_field_background_color=\u00a0\u00bb#C5E5EB\u00a0\u00bb form_field_text_color=\u00a0\u00bb#222C53&Prime; form_field_focus_background_color=\u00a0\u00bb#C5E5EB\u00a0\u00bb form_field_focus_text_color=\u00a0\u00bb#222C53&Prime; form_field_custom_padding=\u00a0\u00bb20px|10px|20px|10px|true|true\u00a0\u00bb filter_headings_font_size=\u00a0\u00bb18px\u00a0\u00bb form_field_font_size=\u00a0\u00bb20px\u00a0\u00bb background_enable_color=\u00a0\u00bboff\u00a0\u00bb saved_tabs=\u00a0\u00bball\u00a0\u00bb global_colors_info=\u00a0\u00bb{}\u00a0\u00bb theme_builder_area=\u00a0\u00bbpost_content\u00a0\u00bb][et_pb_de_mach_search_posts_item title=\u00a0\u00bbSubcategorie\u00a0\u00bb post_type_choose=\u00a0\u00bbproducts\u00a0\u00bb custom_label=\u00a0\u00bbFilter op:\u00a0\u00bb acf_filter_width=\u00a0\u00bbet_pb_column_1_4&Prime; field_id=\u00a0\u00bbField_1&Prime; select_placeholder=\u00a0\u00bbSelecteer optie\u00a0\u00bb radio_gap=\u00a0\u00bb10&Prime; cat_tag_display_mode=\u00a0\u00bbonly_child\u00a0\u00bb cat_parent_category=\u00a0\u00bbPoint of care testen\u00a0\u00bb _builder_version=\u00a0\u00bb4.16&Prime; _module_preset=\u00a0\u00bbdefault\u00a0\u00bb title_text_font_size=\u00a0\u00bb24px\u00a0\u00bb form_field_font_size=\u00a0\u00bb20px\u00a0\u00bb background_enable_color=\u00a0\u00bboff\u00a0\u00bb global_colors_info=\u00a0\u00bb{}\u00a0\u00bb theme_builder_area=\u00a0\u00bbpost_content\u00a0\u00bb][\/et_pb_de_mach_search_posts_item][\/et_pb_de_mach_filter_posts][\/et_pb_column][\/et_pb_row][et_pb_row _builder_version=\u00a0\u00bb4.16&Prime; _module_preset=\u00a0\u00bbdefault\u00a0\u00bb width=\u00a0\u00bb90%\u00a0\u00bb max_width=\u00a0\u00bb1280px\u00a0\u00bb global_colors_info=\u00a0\u00bb{}\u00a0\u00bb theme_builder_area=\u00a0\u00bbpost_content\u00a0\u00bb][et_pb_column type=\u00a0\u00bb4_4&Prime; _builder_version=\u00a0\u00bb4.16&Prime; _module_preset=\u00a0\u00bbdefault\u00a0\u00bb global_colors_info=\u00a0\u00bb{}\u00a0\u00bb theme_builder_area=\u00a0\u00bbpost_content\u00a0\u00bb][et_pb_de_mach_archive_loop post_type_choose=\u00a0\u00bbproducts\u00a0\u00bb loop_layout=\u00a0\u00bb238016&Prime; include_cats=\u00a0\u00bbPoint-of-care-testen\u00a0\u00bb sort_order=\u00a0\u00bbmenu_order\u00a0\u00bb enable_loadmore=\u00a0\u00bbon\u00a0\u00bb equal_height=\u00a0\u00bboff\u00a0\u00bb gutter_row_gap=\u00a0\u00bb20px\u00a0\u00bb gutter_row_column=\u00a0\u00bb50px\u00a0\u00bb module_class=\u00a0\u00bbo-product-overview\u00a0\u00bb _builder_version=\u00a0\u00bb4.27.0&Prime; _module_preset=\u00a0\u00bbdefault\u00a0\u00bb hover_enabled=\u00a0\u00bb0&Prime; global_colors_info=\u00a0\u00bb{}\u00a0\u00bb theme_builder_area=\u00a0\u00bbpost_content\u00a0\u00bb sticky_enabled=\u00a0\u00bb0&Prime;][\/et_pb_de_mach_archive_loop][\/et_pb_column][\/et_pb_row][\/et_pb_section][et_pb_section fb_built=\u00a0\u00bb1&Prime; _builder_version=\u00a0\u00bb4.16&Prime; _module_preset=\u00a0\u00bbdefault\u00a0\u00bb custom_padding=\u00a0\u00bb0px|||||\u00a0\u00bb saved_tabs=\u00a0\u00bball\u00a0\u00bb global_colors_info=\u00a0\u00bb{}\u00a0\u00bb theme_builder_area=\u00a0\u00bbpost_content\u00a0\u00bb][et_pb_row column_structure=\u00a0\u00bb3_5,2_5&Prime; make_equal=\u00a0\u00bbon\u00a0\u00bb _builder_version=\u00a0\u00bb4.16&Prime; _module_preset=\u00a0\u00bbdefault\u00a0\u00bb custom_padding=\u00a0\u00bb||||false|false\u00a0\u00bb custom_css_main_element=\u00a0\u00bbalign-items:center;\u00a0\u00bb global_colors_info=\u00a0\u00bb{}\u00a0\u00bb theme_builder_area=\u00a0\u00bbpost_content\u00a0\u00bb][et_pb_column type=\u00a0\u00bb3_5&Prime; _builder_version=\u00a0\u00bb4.16&Prime; _module_preset=\u00a0\u00bbdefault\u00a0\u00bb global_colors_info=\u00a0\u00bb{}\u00a0\u00bb theme_builder_area=\u00a0\u00bbpost_content\u00a0\u00bb][et_pb_text _builder_version=\u00a0\u00bb4.16&Prime; _module_preset=\u00a0\u00bbdefault\u00a0\u00bb global_colors_info=\u00a0\u00bb{}\u00a0\u00bb theme_builder_area=\u00a0\u00bbpost_content\u00a0\u00bb]<\/p>\n<h3>Marques avec lesquelles nous travaillons<\/h3>\n<p>Pour une qualit\u00e9 optimale, nous collaborons avec les meilleurs acteurs du secteur, qui mettent en \u0153uvre des innovations intelligentes dans des \u00e9quipements fiables et de haute qualit\u00e9.[\/et_pb_text][\/et_pb_column][et_pb_column type=\u00a0\u00bb2_5&Prime; _builder_version=\u00a0\u00bb4.16&Prime; _module_preset=\u00a0\u00bbdefault\u00a0\u00bb background_enable_image=\u00a0\u00bboff\u00a0\u00bb background_size=\u00a0\u00bbcontain\u00a0\u00bb custom_padding=\u00a0\u00bb75px|12%|50px|12%|false|true\u00a0\u00bb global_colors_info=\u00a0\u00bb{}\u00a0\u00bb theme_builder_area=\u00a0\u00bbpost_content\u00a0\u00bb][et_pb_image src=\u00a0\u00bbhttps:\/\/www.avant-medical.com\/wp-content\/uploads\/blurb-yellow-left-top.svg\u00a0\u00bb title_text=\u00a0\u00bbblurb-yellow-left-top\u00a0\u00bb module_class=\u00a0\u00bbo-cioon\u00a0\u00bb _builder_version=\u00a0\u00bb4.16&Prime; _module_preset=\u00a0\u00bbceb21bd3-b870-4065-9fa9-f7a00d94456a\u00a0\u00bb global_colors_info=\u00a0\u00bb{}\u00a0\u00bb theme_builder_area=\u00a0\u00bbpost_content\u00a0\u00bb][\/et_pb_image][\/et_pb_column][\/et_pb_row][et_pb_row _builder_version=\u00a0\u00bb4.16&Prime; _module_preset=\u00a0\u00bbdefault\u00a0\u00bb global_colors_info=\u00a0\u00bb{}\u00a0\u00bb theme_builder_area=\u00a0\u00bbpost_content\u00a0\u00bb][et_pb_column type=\u00a0\u00bb4_4&Prime; _builder_version=\u00a0\u00bb4.16&Prime; _module_preset=\u00a0\u00bbdefault\u00a0\u00bb global_colors_info=\u00a0\u00bb{}\u00a0\u00bb theme_builder_area=\u00a0\u00bbpost_content\u00a0\u00bb][dsm_masonry_gallery gallery_ids=\u00a0\u00bb239478,240539,239482,239484,239550,239552,239556,240567,240570,240576,240573,240579&Prime; columns=\u00a0\u00bb4&Prime; gutter=\u00a0\u00bb0&Prime; _builder_version=\u00a0\u00bb4.16&Prime; _module_preset=\u00a0\u00bbdefault\u00a0\u00bb global_colors_info=\u00a0\u00bb{}\u00a0\u00bb theme_builder_area=\u00a0\u00bbpost_content\u00a0\u00bb][\/dsm_masonry_gallery][\/et_pb_column][\/et_pb_row][\/et_pb_section]<\/p>\n","protected":false},"excerpt":{"rendered":"<p>Analyses sur le lieu d\u2019intervention Avant Medical dispose de toute l\u2019expertise requise pour mettre en \u0153uvre sans difficult\u00e9 des solutions d\u2019analyses sur le lieu d\u2019intervention dans votre h\u00f4pital, clinique, laboratoire clinique ou centre de m\u00e9decine g\u00e9n\u00e9rale.\u00a0\u00bbNotre objectif est de fournir \u00e0 nos clients des solutions abordables et de premier ordre pour vous aider \u00e0 am\u00e9liorer continuellement vos services aux patients.\u00a0\u00bbMarques avec lesquelles nous travaillons Pour une qualit\u00e9 optimale, nous collaborons avec les meilleurs acteurs du secteur, qui mettent en \u0153uvre des innovations intelligentes dans des \u00e9quipements fiables et de haute qualit\u00e9.<div class=\"et_pb_module dsm_masonry_gallery dsm_masonry_gallery_0\">\n\t\t\t\t\n\t\t\t\t\n\t\t\t\t\n\t\t\t\t\n\t\t\t\t\n\t\t\t\t\n\t\t\t\t<div class=\"et_pb_module_inner\">\n\t\t\t\t\t<div class=\"dsm-gallery grid\" data-lightbox=\"false\" data-horizontalorder=\"true\">\n                <div class=\"grid-sizer\"><\/div><div class=\"gutter-sizer\"><\/div><div class=\"grid-item\">\n                    <div class=\"et_pb_image_wrap\">\n                        <img loading=\"lazy\" decoding=\"async\" src=\"https:\/\/www.avant-medical.com\/wp-content\/uploads\/accuVein-logo.jpg\" title=\"accuVein-logo\" alt=\"\" class=\"dsm-skip-lazyload\" srcset=\"https:\/\/www.avant-medical.com\/wp-content\/uploads\/accuVein-logo.jpg 600w, https:\/\/www.avant-medical.com\/wp-content\/uploads\/accuVein-logo-480x160.jpg 480w\" sizes=\"(min-width: 0px) and (max-width: 480px) 480px, (min-width: 481px) 600px, 100vw\" width=\"600\" height=\"200\" \/>\n                        \n                    <\/div>\n                <\/div><div class=\"grid-item\">\n                    <div class=\"et_pb_image_wrap\">\n                        <img loading=\"lazy\" decoding=\"async\" src=\"https:\/\/www.avant-medical.com\/wp-content\/uploads\/Biomedica_Diagnostics-1.png\" title=\"Biomedica_Diagnostics\" alt=\"\" class=\"dsm-skip-lazyload\" srcset=\"https:\/\/www.avant-medical.com\/wp-content\/uploads\/Biomedica_Diagnostics-1.png 600w, https:\/\/www.avant-medical.com\/wp-content\/uploads\/Biomedica_Diagnostics-1-480x160.png 480w\" sizes=\"(min-width: 0px) and (max-width: 480px) 480px, (min-width: 481px) 600px, 100vw\" width=\"600\" height=\"200\" \/>\n                        \n                    <\/div>\n                <\/div><div class=\"grid-item\">\n                    <div class=\"et_pb_image_wrap\">\n                        <img loading=\"lazy\" decoding=\"async\" src=\"https:\/\/www.avant-medical.com\/wp-content\/uploads\/Boditech.jpg\" title=\"Boditech\" alt=\"\" class=\"dsm-skip-lazyload\" srcset=\"https:\/\/www.avant-medical.com\/wp-content\/uploads\/Boditech.jpg 600w, https:\/\/www.avant-medical.com\/wp-content\/uploads\/Boditech-480x160.jpg 480w\" sizes=\"(min-width: 0px) and (max-width: 480px) 480px, (min-width: 481px) 600px, 100vw\" width=\"600\" height=\"200\" \/>\n                        \n                    <\/div>\n                <\/div><div class=\"grid-item\">\n                    <div class=\"et_pb_image_wrap\">\n                        <img loading=\"lazy\" decoding=\"async\" src=\"https:\/\/www.avant-medical.com\/wp-content\/uploads\/chrono-log.jpg\" title=\"chrono-log\" alt=\"\" class=\"dsm-skip-lazyload\" srcset=\"https:\/\/www.avant-medical.com\/wp-content\/uploads\/chrono-log.jpg 600w, https:\/\/www.avant-medical.com\/wp-content\/uploads\/chrono-log-480x160.jpg 480w\" sizes=\"(min-width: 0px) and (max-width: 480px) 480px, (min-width: 481px) 600px, 100vw\" width=\"600\" height=\"200\" \/>\n                        \n                    <\/div>\n                <\/div><div class=\"grid-item\">\n                    <div class=\"et_pb_image_wrap\">\n                        <img loading=\"lazy\" decoding=\"async\" src=\"https:\/\/www.avant-medical.com\/wp-content\/uploads\/Diatron-1.png\" title=\"Diatron\" alt=\"\" class=\"dsm-skip-lazyload\" srcset=\"https:\/\/www.avant-medical.com\/wp-content\/uploads\/Diatron-1.png 600w, https:\/\/www.avant-medical.com\/wp-content\/uploads\/Diatron-1-480x160.png 480w\" sizes=\"(min-width: 0px) and (max-width: 480px) 480px, (min-width: 481px) 600px, 100vw\" width=\"600\" height=\"200\" \/>\n                        \n                    <\/div>\n                <\/div><div class=\"grid-item\">\n                    <div class=\"et_pb_image_wrap\">\n                        <img loading=\"lazy\" decoding=\"async\" src=\"https:\/\/www.avant-medical.com\/wp-content\/uploads\/EKF_2.0.png\" title=\"EKF_2.0\" alt=\"\" class=\"dsm-skip-lazyload\" srcset=\"https:\/\/www.avant-medical.com\/wp-content\/uploads\/EKF_2.0.png 600w, https:\/\/www.avant-medical.com\/wp-content\/uploads\/EKF_2.0-480x160.png 480w\" sizes=\"(min-width: 0px) and (max-width: 480px) 480px, (min-width: 481px) 600px, 100vw\" width=\"600\" height=\"200\" \/>\n                        \n                    <\/div>\n                <\/div><div class=\"grid-item\">\n                    <div class=\"et_pb_image_wrap\">\n                        <img loading=\"lazy\" decoding=\"async\" src=\"https:\/\/www.avant-medical.com\/wp-content\/uploads\/Greatbatch.jpg\" title=\"Greatbatch\" alt=\"\" class=\"dsm-skip-lazyload\" srcset=\"https:\/\/www.avant-medical.com\/wp-content\/uploads\/Greatbatch.jpg 600w, https:\/\/www.avant-medical.com\/wp-content\/uploads\/Greatbatch-480x160.jpg 480w\" sizes=\"(min-width: 0px) and (max-width: 480px) 480px, (min-width: 481px) 600px, 100vw\" width=\"600\" height=\"200\" \/>\n                        \n                    <\/div>\n                <\/div><div class=\"grid-item\">\n                    <div class=\"et_pb_image_wrap\">\n                        <img loading=\"lazy\" decoding=\"async\" src=\"https:\/\/www.avant-medical.com\/wp-content\/uploads\/Haematex-1.png\" title=\"Haematex\" alt=\"\" class=\"dsm-skip-lazyload\" srcset=\"https:\/\/www.avant-medical.com\/wp-content\/uploads\/Haematex-1.png 600w, https:\/\/www.avant-medical.com\/wp-content\/uploads\/Haematex-1-480x160.png 480w\" sizes=\"(min-width: 0px) and (max-width: 480px) 480px, (min-width: 481px) 600px, 100vw\" width=\"600\" height=\"200\" \/>\n                        \n                    <\/div>\n                <\/div><div class=\"grid-item\">\n                    <div class=\"et_pb_image_wrap\">\n                        <img loading=\"lazy\" decoding=\"async\" src=\"https:\/\/www.avant-medical.com\/wp-content\/uploads\/Hart_Biologicals-1.png\" title=\"Hart_Biologicals\" alt=\"\" class=\"dsm-skip-lazyload\" srcset=\"https:\/\/www.avant-medical.com\/wp-content\/uploads\/Hart_Biologicals-1.png 600w, https:\/\/www.avant-medical.com\/wp-content\/uploads\/Hart_Biologicals-1-480x160.png 480w\" sizes=\"(min-width: 0px) and (max-width: 480px) 480px, (min-width: 481px) 600px, 100vw\" width=\"600\" height=\"200\" \/>\n                        \n                    <\/div>\n                <\/div><div class=\"grid-item\">\n                    <div class=\"et_pb_image_wrap\">\n                        <img loading=\"lazy\" decoding=\"async\" src=\"https:\/\/www.avant-medical.com\/wp-content\/uploads\/Pentapharm-1.png\" title=\"Pentapharm\" alt=\"\" class=\"dsm-skip-lazyload\" srcset=\"https:\/\/www.avant-medical.com\/wp-content\/uploads\/Pentapharm-1.png 600w, https:\/\/www.avant-medical.com\/wp-content\/uploads\/Pentapharm-1-480x160.png 480w\" sizes=\"(min-width: 0px) and (max-width: 480px) 480px, (min-width: 481px) 600px, 100vw\" width=\"600\" height=\"200\" \/>\n                        \n                    <\/div>\n                <\/div><div class=\"grid-item\">\n                    <div class=\"et_pb_image_wrap\">\n                        <img loading=\"lazy\" decoding=\"async\" src=\"https:\/\/www.avant-medical.com\/wp-content\/uploads\/Skyla.jpg\" title=\"Skyla\" alt=\"\" class=\"dsm-skip-lazyload\" srcset=\"https:\/\/www.avant-medical.com\/wp-content\/uploads\/Skyla.jpg 600w, https:\/\/www.avant-medical.com\/wp-content\/uploads\/Skyla-480x160.jpg 480w\" sizes=\"(min-width: 0px) and (max-width: 480px) 480px, (min-width: 481px) 600px, 100vw\" width=\"600\" height=\"200\" \/>\n                        \n                    <\/div>\n                <\/div><div class=\"grid-item\">\n                    <div class=\"et_pb_image_wrap\">\n                        <img loading=\"lazy\" decoding=\"async\" src=\"https:\/\/www.avant-medical.com\/wp-content\/uploads\/trinity-biotech-logo.jpg\" title=\"trinity-biotech-logo\" alt=\"\" class=\"dsm-skip-lazyload\" srcset=\"https:\/\/www.avant-medical.com\/wp-content\/uploads\/trinity-biotech-logo.jpg 600w, https:\/\/www.avant-medical.com\/wp-content\/uploads\/trinity-biotech-logo-480x160.jpg 480w\" sizes=\"(min-width: 0px) and (max-width: 480px) 480px, (min-width: 481px) 600px, 100vw\" width=\"600\" height=\"200\" \/>\n                        \n                    <\/div>\n                <\/div>\n             <\/div>\n\t\t\t\t<\/div>\n\t\t\t<\/div><\/p>\n","protected":false},"author":1,"featured_media":0,"parent":240786,"menu_order":0,"comment_status":"closed","ping_status":"closed","template":"","meta":{"_acf_changed":false,"_et_pb_use_builder":"on","_et_pb_old_content":"","_et_gb_content_width":"","footnotes":""},"categories":[],"tags":[],"class_list":["post-241193","page","type-page","status-publish","hentry"],"acf":[],"_links":{"self":[{"href":"https:\/\/www.avant-medical.com\/fr\/wp-json\/wp\/v2\/pages\/241193","targetHints":{"allow":["GET"]}}],"collection":[{"href":"https:\/\/www.avant-medical.com\/fr\/wp-json\/wp\/v2\/pages"}],"about":[{"href":"https:\/\/www.avant-medical.com\/fr\/wp-json\/wp\/v2\/types\/page"}],"author":[{"embeddable":true,"href":"https:\/\/www.avant-medical.com\/fr\/wp-json\/wp\/v2\/users\/1"}],"replies":[{"embeddable":true,"href":"https:\/\/www.avant-medical.com\/fr\/wp-json\/wp\/v2\/comments?post=241193"}],"version-history":[{"count":3,"href":"https:\/\/www.avant-medical.com\/fr\/wp-json\/wp\/v2\/pages\/241193\/revisions"}],"predecessor-version":[{"id":241958,"href":"https:\/\/www.avant-medical.com\/fr\/wp-json\/wp\/v2\/pages\/241193\/revisions\/241958"}],"up":[{"embeddable":true,"href":"https:\/\/www.avant-medical.com\/fr\/wp-json\/wp\/v2\/pages\/240786"}],"wp:attachment":[{"href":"https:\/\/www.avant-medical.com\/fr\/wp-json\/wp\/v2\/media?parent=241193"}],"wp:term":[{"taxonomy":"category","embeddable":true,"href":"https:\/\/www.avant-medical.com\/fr\/wp-json\/wp\/v2\/categories?post=241193"},{"taxonomy":"post_tag","embeddable":true,"href":"https:\/\/www.avant-medical.com\/fr\/wp-json\/wp\/v2\/tags?post=241193"}],"curies":[{"name":"wp","href":"https:\/\/api.w.org\/{rel}","templated":true}]}}